{"id":467,"date":"2020-11-20T09:37:10","date_gmt":"2020-11-20T09:37:10","guid":{"rendered":"https:\/\/www.instalacionscapel.com\/serveis\/electricitat\/"},"modified":"2026-01-12T11:37:40","modified_gmt":"2026-01-12T11:37:40","slug":"electricitat","status":"publish","type":"page","link":"https:\/\/www.instalacionscapel.com\/ca\/serveis\/electricitat\/","title":{"rendered":"Electricitat"},"content":{"rendered":"\t\t<div data-elementor-type=\"wp-page\" data-elementor-id=\"467\" class=\"elementor elementor-467 elementor-74\" data-elementor-post-type=\"page\">\n\t\t\t\t\t\t<section class=\"elementor-section elementor-top-section elementor-element elementor-element-1446c2d elementor-section-full_width elementor-section-height-default elementor-section-height-default\" data-id=\"1446c2d\" data-element_type=\"section\">\n\t\t\t\t\t\t<div class=\"elementor-container elementor-column-gap-no\">\n\t\t\t\t\t<div class=\"elementor-column elementor-col-100 elementor-top-column elementor-element elementor-element-a431a33\" data-id=\"a431a33\" data-element_type=\"column\">\n\t\t\t<div class=\"elementor-widget-wrap elementor-element-populated\">\n\t\t\t\t\t\t<div class=\"elementor-element elementor-element-2464152 elementor--h-position-left elementor--v-position-bottom elementor-arrows-position-inside elementor-widget elementor-widget-slides\" data-id=\"2464152\" data-element_type=\"widget\" data-settings=\"{&quot;navigation&quot;:&quot;arrows&quot;,&quot;autoplay&quot;:&quot;yes&quot;,&quot;pause_on_hover&quot;:&quot;yes&quot;,&quot;pause_on_interaction&quot;:&quot;yes&quot;,&quot;autoplay_speed&quot;:5000,&quot;infinite&quot;:&quot;yes&quot;,&quot;transition&quot;:&quot;slide&quot;,&quot;transition_speed&quot;:500}\" data-widget_type=\"slides.default\">\n\t\t\t\t<div class=\"elementor-widget-container\">\n\t\t\t\t\t\t\t\t\t<div class=\"elementor-swiper\">\n\t\t\t\t\t<div class=\"elementor-slides-wrapper elementor-main-swiper swiper\" role=\"region\" aria-roledescription=\"carousel\" aria-label=\"Diapositivas\" dir=\"ltr\" data-animation=\"zoomIn\">\n\t\t\t\t<div class=\"swiper-wrapper elementor-slides\">\n\t\t\t\t\t\t\t\t\t\t<div class=\"elementor-repeater-item-2fd9921 swiper-slide\" role=\"group\" aria-roledescription=\"slide\"><div class=\"swiper-slide-bg\" role=\"img\" aria-label=\"electricitat_s\"><\/div><div class=\"swiper-slide-inner\" ><div class=\"swiper-slide-contents\"><div class=\"elementor-slide-heading\">Electricitat<\/div><div class=\"elementor-slide-description\"><p>Dom\u00e8stiques <\/p>\n<p>Industrials <\/p>\n<p>Comercials<\/p>\n<\/div><\/div><\/div><\/div><div class=\"elementor-repeater-item-027212e swiper-slide\" role=\"group\" aria-roledescription=\"slide\"><div class=\"swiper-slide-bg\" role=\"img\" aria-label=\"aigua_s\"><\/div><div class=\"swiper-slide-inner\" ><div class=\"swiper-slide-contents\"><div class=\"elementor-slide-heading\">Aigua<\/div><div class=\"elementor-slide-description\"><p>Instal\u00b7lacions <br \/>Reparacions <br \/>Sanitaris <br \/>Aixetes <\/p>\n<\/div><\/div><\/div><\/div><div class=\"elementor-repeater-item-1d25d66 swiper-slide\" role=\"group\" aria-roledescription=\"slide\"><div class=\"swiper-slide-bg\" role=\"img\" aria-label=\"gas_s\"><\/div><div class=\"swiper-slide-inner\" ><div class=\"swiper-slide-contents\"><div class=\"elementor-slide-heading\">Gas<\/div><div class=\"elementor-slide-description\"><p>Instal\u00b7lacions de gas <br \/>(nivell A) <br \/>Industrials <br \/>Dom\u00e8stiques <\/p>\n<\/div><\/div><\/div><\/div><div class=\"elementor-repeater-item-4fa62f0 swiper-slide\" role=\"group\" aria-roledescription=\"slide\"><div class=\"swiper-slide-bg\" role=\"img\" aria-label=\"climatitzacio_s\"><\/div><div class=\"swiper-slide-inner\" ><div class=\"swiper-slide-contents\"><div class=\"elementor-slide-heading\">Calefacci\u00f3 i <br>climatizaci\u00f3<\/div><div class=\"elementor-slide-description\"><p>Calderes <br \/>Aire acondicionat <br \/>Legalizacions <br \/>Certificacions<\/p>\n<\/div><\/div><\/div><\/div>\t\t\t\t<\/div>\n\t\t\t\t\t\t\t\t\t\t\t\t\t\t\t<div class=\"elementor-swiper-button elementor-swiper-button-prev\" role=\"button\" tabindex=\"0\" aria-label=\"Previous slide\">\n\t\t\t\t\t\t\t<i aria-hidden=\"true\" class=\"eicon-chevron-left\"><\/i>\t\t\t\t\t\t<\/div>\n\t\t\t\t\t\t<div class=\"elementor-swiper-button elementor-swiper-button-next\" role=\"button\" tabindex=\"0\" aria-label=\"Next slide\">\n\t\t\t\t\t\t\t<i aria-hidden=\"true\" class=\"eicon-chevron-right\"><\/i>\t\t\t\t\t\t<\/div>\n\t\t\t\t\t\t\t\t\t\t\t\t\t\t\t\t\t<\/div>\n\t\t\t\t<\/div>\n\t\t\t\t\t\t\t\t<\/div>\n\t\t\t\t<\/div>\n\t\t\t\t\t<\/div>\n\t\t<\/div>\n\t\t\t\t\t<\/div>\n\t\t<\/section>\n\t\t\t\t<section class=\"elementor-section elementor-top-section elementor-element elementor-element-0015ae1 elementor-section-boxed elementor-section-height-default elementor-section-height-default\" data-id=\"0015ae1\" data-element_type=\"section\">\n\t\t\t\t\t\t<div class=\"elementor-container elementor-column-gap-default\">\n\t\t\t\t\t<div class=\"elementor-column elementor-col-100 elementor-top-column elementor-element elementor-element-8bb367b\" data-id=\"8bb367b\" data-element_type=\"column\">\n\t\t\t<div class=\"elementor-widget-wrap elementor-element-populated\">\n\t\t\t\t\t\t<div class=\"elementor-element elementor-element-3dd3cd6 elementor-widget elementor-widget-heading\" data-id=\"3dd3cd6\" data-element_type=\"widget\" data-widget_type=\"heading.default\">\n\t\t\t\t<div class=\"elementor-widget-container\">\n\t\t\t\t\t<h2 class=\"elementor-heading-title elementor-size-default\">Electricitat<\/h2>\t\t\t\t<\/div>\n\t\t\t\t<\/div>\n\t\t\t\t<div class=\"elementor-element elementor-element-cc8d747 elementor-widget elementor-widget-image\" data-id=\"cc8d747\" data-element_type=\"widget\" data-widget_type=\"image.default\">\n\t\t\t\t<div class=\"elementor-widget-container\">\n\t\t\t\t\t\t\t\t\t\t\t\t\t\t\t<img decoding=\"async\" width=\"116\" height=\"116\" src=\"https:\/\/www.instalacionscapel.com\/wp-content\/uploads\/2020\/11\/icona_llum_w.png\" class=\"attachment-large size-large wp-image-368\" alt=\"\" \/>\t\t\t\t\t\t\t\t\t\t\t\t\t\t\t<\/div>\n\t\t\t\t<\/div>\n\t\t\t\t<div class=\"elementor-element elementor-element-733eb0e elementor-widget elementor-widget-text-editor\" data-id=\"733eb0e\" data-element_type=\"widget\" data-widget_type=\"text-editor.default\">\n\t\t\t\t<div class=\"elementor-widget-container\">\n\t\t\t\t\t\t\t\t\t<p>Fem tota classe d&#8217;instal\u00b7lacions i reparacions el\u00e8ctriques de B.T. baixa tensi\u00f3 (dom\u00e8stiques, industrials i comercials). Pressupostos detallats. Revisions peri\u00f2diques, contractes de manteniment, certificats i projectes de legalitzaci\u00f3. Especialitzats en obra p\u00fablica.<\/p>\t\t\t\t\t\t\t\t<\/div>\n\t\t\t\t<\/div>\n\t\t\t\t<div class=\"elementor-element elementor-element-7cb6cf5 elementor-widget elementor-widget-image\" data-id=\"7cb6cf5\" data-element_type=\"widget\" data-widget_type=\"image.default\">\n\t\t\t\t<div class=\"elementor-widget-container\">\n\t\t\t\t\t\t\t\t\t\t\t\t\t\t\t<img fetchpriority=\"high\" decoding=\"async\" width=\"606\" height=\"328\" src=\"https:\/\/www.instalacionscapel.com\/wp-content\/uploads\/2020\/11\/electricidad.jpg\" class=\"attachment-large size-large wp-image-373\" alt=\"\" srcset=\"https:\/\/www.instalacionscapel.com\/wp-content\/uploads\/2020\/11\/electricidad.jpg 606w, https:\/\/www.instalacionscapel.com\/wp-content\/uploads\/2020\/11\/electricidad-300x162.jpg 300w\" sizes=\"(max-width: 606px) 100vw, 606px\" \/>\t\t\t\t\t\t\t\t\t\t\t\t\t\t\t<\/div>\n\t\t\t\t<\/div>\n\t\t\t\t\t<\/div>\n\t\t<\/div>\n\t\t\t\t\t<\/div>\n\t\t<\/section>\n\t\t\t\t<section class=\"elementor-section elementor-top-section elementor-element elementor-element-e9e91d8 elementor-section-boxed elementor-section-height-default elementor-section-height-default\" data-id=\"e9e91d8\" data-element_type=\"section\">\n\t\t\t\t\t\t<div class=\"elementor-container elementor-column-gap-default\">\n\t\t\t\t\t<div class=\"elementor-column elementor-col-100 elementor-top-column elementor-element elementor-element-d039dee\" data-id=\"d039dee\" data-element_type=\"column\">\n\t\t\t<div class=\"elementor-widget-wrap elementor-element-populated\">\n\t\t\t\t\t\t<div class=\"elementor-element elementor-element-2e4f122 elementor-skin-carousel elementor-widget elementor-widget-media-carousel\" data-id=\"2e4f122\" data-element_type=\"widget\" data-settings=\"{&quot;slides_per_view&quot;:&quot;9&quot;,&quot;slides_to_scroll&quot;:&quot;9&quot;,&quot;skin&quot;:&quot;carousel&quot;,&quot;effect&quot;:&quot;slide&quot;,&quot;speed&quot;:500,&quot;space_between&quot;:{&quot;unit&quot;:&quot;px&quot;,&quot;size&quot;:10,&quot;sizes&quot;:[]},&quot;space_between_tablet&quot;:{&quot;unit&quot;:&quot;px&quot;,&quot;size&quot;:10,&quot;sizes&quot;:[]},&quot;space_between_mobile&quot;:{&quot;unit&quot;:&quot;px&quot;,&quot;size&quot;:10,&quot;sizes&quot;:[]}}\" data-widget_type=\"media-carousel.default\">\n\t\t\t\t<div class=\"elementor-widget-container\">\n\t\t\t\t\t\t\t\t\t<div class=\"elementor-swiper\">\n\t\t\t\t\t<div class=\"elementor-main-swiper swiper\" role=\"region\" aria-roledescription=\"carousel\" aria-label=\"Diapositivas\">\n\t\t\t\t<div class=\"swiper-wrapper\">\n\t\t\t\t\t\t\t\t\t\t\t<div class=\"swiper-slide\" role=\"group\" aria-roledescription=\"slide\">\n\t\t\t\t\t\t\t<a href=\"https:\/\/www.instalacionscapel.com\/ca\/serveis\/electricitat\/\">\t\t<div class=\"elementor-carousel-image\" role=\"img\" aria-label=\"icona_llum_w\" style=\"background-image: url(&#039;https:\/\/www.instalacionscapel.com\/wp-content\/uploads\/2020\/11\/icona_llum_w.png&#039;)\">\n\n\t\t\t\n\t\t\t\t\t<\/div>\n\t\t<\/a>\t\t\t\t\t\t<\/div>\n\t\t\t\t\t\t\t\t\t\t\t<div class=\"swiper-slide\" role=\"group\" aria-roledescription=\"slide\">\n\t\t\t\t\t\t\t<a href=\"https:\/\/www.instalacionscapel.com\/ca\/serveis\/fontaneria\/\">\t\t<div class=\"elementor-carousel-image\" role=\"img\" aria-label=\"icona_llauner_w\" style=\"background-image: url(&#039;https:\/\/www.instalacionscapel.com\/wp-content\/uploads\/2020\/11\/icona_llauner_w.png&#039;)\">\n\n\t\t\t\n\t\t\t\t\t<\/div>\n\t\t<\/a>\t\t\t\t\t\t<\/div>\n\t\t\t\t\t\t\t\t\t\t\t<div class=\"swiper-slide\" role=\"group\" aria-roledescription=\"slide\">\n\t\t\t\t\t\t\t<a href=\"https:\/\/www.instalacionscapel.com\/ca\/serveis\/gas\/\">\t\t<div class=\"elementor-carousel-image\" role=\"img\" aria-label=\"incona_calefaccio_w\" style=\"background-image: url(&#039;https:\/\/www.instalacionscapel.com\/wp-content\/uploads\/2020\/11\/incona_calefaccio_w.png&#039;)\">\n\n\t\t\t\n\t\t\t\t\t<\/div>\n\t\t<\/a>\t\t\t\t\t\t<\/div>\n\t\t\t\t\t\t\t\t\t\t\t<div class=\"swiper-slide\" role=\"group\" aria-roledescription=\"slide\">\n\t\t\t\t\t\t\t<a href=\"https:\/\/www.instalacionscapel.com\/ca\/serveis\/calefaccio-i-climatitzacio\/\">\t\t<div class=\"elementor-carousel-image\" role=\"img\" aria-label=\"icona_calefaccio_w\" style=\"background-image: url(&#039;https:\/\/www.instalacionscapel.com\/wp-content\/uploads\/2020\/11\/icona_calefaccio_w.png&#039;)\">\n\n\t\t\t\n\t\t\t\t\t<\/div>\n\t\t<\/a>\t\t\t\t\t\t<\/div>\n\t\t\t\t\t\t\t\t\t\t\t<div class=\"swiper-slide\" role=\"group\" aria-roledescription=\"slide\">\n\t\t\t\t\t\t\t<a href=\"https:\/\/www.instalacionscapel.com\/ca\/serveis\/energia-solar\/\">\t\t<div class=\"elementor-carousel-image\" role=\"img\" aria-label=\"icona_solar_w\" style=\"background-image: url(&#039;https:\/\/www.instalacionscapel.com\/wp-content\/uploads\/2020\/11\/icona_solar_w.png&#039;)\">\n\n\t\t\t\n\t\t\t\t\t<\/div>\n\t\t<\/a>\t\t\t\t\t\t<\/div>\n\t\t\t\t\t\t\t\t\t\t\t<div class=\"swiper-slide\" role=\"group\" aria-roledescription=\"slide\">\n\t\t\t\t\t\t\t<a href=\"https:\/\/www.instalacionscapel.com\/ca\/serveis\/telecomunicacions\/\">\t\t<div class=\"elementor-carousel-image\" role=\"img\" aria-label=\"icona_comunicacions_w\" style=\"background-image: url(&#039;https:\/\/www.instalacionscapel.com\/wp-content\/uploads\/2020\/11\/icona_comunicacions_w.png&#039;)\">\n\n\t\t\t\n\t\t\t\t\t<\/div>\n\t\t<\/a>\t\t\t\t\t\t<\/div>\n\t\t\t\t\t\t\t\t\t<\/div>\n\t\t\t\t\t\t\t\t\t\t\t\t\t\t\t\t\t\t\t\t\t<\/div>\n\t\t\t\t<\/div>\n\t\t\t\t\t\t\t\t<\/div>\n\t\t\t\t<\/div>\n\t\t\t\t\t<\/div>\n\t\t<\/div>\n\t\t\t\t\t<\/div>\n\t\t<\/section>\n\t\t\t\t<\/div>\n\t\t","protected":false},"excerpt":{"rendered":"<p>Electricitat Dom\u00e8stiques Industrials Comercials Aigua Instal\u00b7lacions Reparacions Sanitaris Aixetes Gas Instal\u00b7lacions de gas (nivell A) Industrials Dom\u00e8stiques Calefacci\u00f3 i climatizaci\u00f3 Calderes Aire acondicionat Legalizacions Certificacions Electricitat Fem tota classe d&#8217;instal\u00b7lacions i reparacions el\u00e8ctriques de B.T. baixa tensi\u00f3 (dom\u00e8stiques, industrials i comercials). Pressupostos detallats. Revisions peri\u00f2diques, contractes de manteniment, certificats i projectes de legalitzaci\u00f3. Especialitzats en &#8230; <a title=\"Electricitat\" class=\"read-more\" href=\"https:\/\/www.instalacionscapel.com\/ca\/serveis\/electricitat\/\" aria-label=\"M\u00e9s informaci\u00f3 sobre Electricitat\">Llegiu m\u00e9s<\/a><\/p>\n","protected":false},"author":1,"featured_media":0,"parent":454,"menu_order":0,"comment_status":"closed","ping_status":"closed","template":"","meta":{"_monsterinsights_skip_tracking":false,"_monsterinsights_sitenote_active":false,"_monsterinsights_sitenote_note":"","_monsterinsights_sitenote_category":0,"footnotes":""},"class_list":["post-467","page","type-page","status-publish"],"yoast_head":"<!-- This site is optimized with the Yoast SEO plugin v26.7 - https:\/\/yoast.com\/wordpress\/plugins\/seo\/ -->\n<title>Electricitat - Instal\u00b7lacions Capel<\/title>\n<meta name=\"description\" content=\"Fem tota classe d&#039;instal\u00b7lacions i reparacions el\u00e8ctriques de B.T. a Figueres i voltants. Pressupostos detallats.\" \/>\n<meta name=\"robots\" content=\"index, follow, max-snippet:-1, max-image-preview:large, max-video-preview:-1\" \/>\n<link rel=\"canonical\" href=\"https:\/\/www.instalacionscapel.com\/ca\/serveis\/electricitat\/\" \/>\n<meta property=\"og:locale\" content=\"ca_ES\" \/>\n<meta property=\"og:type\" content=\"article\" \/>\n<meta property=\"og:title\" content=\"Electricitat - Instal\u00b7lacions Capel\" \/>\n<meta property=\"og:description\" content=\"Fem tota classe d&#039;instal\u00b7lacions i reparacions el\u00e8ctriques de B.T. a Figueres i voltants. Pressupostos detallats.\" \/>\n<meta property=\"og:url\" content=\"https:\/\/www.instalacionscapel.com\/ca\/serveis\/electricitat\/\" \/>\n<meta property=\"og:site_name\" content=\"Instal\u00b7lacions Capel\" \/>\n<meta property=\"article:modified_time\" content=\"2026-01-12T11:37:40+00:00\" \/>\n<meta property=\"og:image\" content=\"https:\/\/www.instalacionscapel.com\/wp-content\/uploads\/2020\/11\/icona_llum_w.png\" \/>\n\t<meta property=\"og:image:width\" content=\"116\" \/>\n\t<meta property=\"og:image:height\" content=\"116\" \/>\n\t<meta property=\"og:image:type\" content=\"image\/png\" \/>\n<meta name=\"twitter:card\" content=\"summary_large_image\" \/>\n<meta name=\"twitter:label1\" content=\"Temps estimat de lectura\" \/>\n\t<meta name=\"twitter:data1\" content=\"1 minut\" \/>\n<script type=\"application\/ld+json\" class=\"yoast-schema-graph\">{\"@context\":\"https:\/\/schema.org\",\"@graph\":[{\"@type\":\"WebPage\",\"@id\":\"https:\/\/www.instalacionscapel.com\/ca\/serveis\/electricitat\/\",\"url\":\"https:\/\/www.instalacionscapel.com\/ca\/serveis\/electricitat\/\",\"name\":\"Electricitat - Instal\u00b7lacions Capel\",\"isPartOf\":{\"@id\":\"https:\/\/www.instalacionscapel.com\/ca\/#website\"},\"primaryImageOfPage\":{\"@id\":\"https:\/\/www.instalacionscapel.com\/ca\/serveis\/electricitat\/#primaryimage\"},\"image\":{\"@id\":\"https:\/\/www.instalacionscapel.com\/ca\/serveis\/electricitat\/#primaryimage\"},\"thumbnailUrl\":\"https:\/\/www.instalacionscapel.com\/wp-content\/uploads\/2020\/11\/icona_llum_w.png\",\"datePublished\":\"2020-11-20T09:37:10+00:00\",\"dateModified\":\"2026-01-12T11:37:40+00:00\",\"description\":\"Fem tota classe d'instal\u00b7lacions i reparacions el\u00e8ctriques de B.T. a Figueres i voltants. Pressupostos detallats.\",\"breadcrumb\":{\"@id\":\"https:\/\/www.instalacionscapel.com\/ca\/serveis\/electricitat\/#breadcrumb\"},\"inLanguage\":\"ca\",\"potentialAction\":[{\"@type\":\"ReadAction\",\"target\":[\"https:\/\/www.instalacionscapel.com\/ca\/serveis\/electricitat\/\"]}]},{\"@type\":\"ImageObject\",\"inLanguage\":\"ca\",\"@id\":\"https:\/\/www.instalacionscapel.com\/ca\/serveis\/electricitat\/#primaryimage\",\"url\":\"https:\/\/www.instalacionscapel.com\/wp-content\/uploads\/2020\/11\/icona_llum_w.png\",\"contentUrl\":\"https:\/\/www.instalacionscapel.com\/wp-content\/uploads\/2020\/11\/icona_llum_w.png\"},{\"@type\":\"BreadcrumbList\",\"@id\":\"https:\/\/www.instalacionscapel.com\/ca\/serveis\/electricitat\/#breadcrumb\",\"itemListElement\":[{\"@type\":\"ListItem\",\"position\":1,\"name\":\"Portada\",\"item\":\"https:\/\/www.instalacionscapel.com\/ca\/\"},{\"@type\":\"ListItem\",\"position\":2,\"name\":\"Serveis\",\"item\":\"https:\/\/www.instalacionscapel.com\/ca\/serveis\/\"},{\"@type\":\"ListItem\",\"position\":3,\"name\":\"Electricitat\"}]},{\"@type\":\"WebSite\",\"@id\":\"https:\/\/www.instalacionscapel.com\/ca\/#website\",\"url\":\"https:\/\/www.instalacionscapel.com\/ca\/\",\"name\":\"Instal\u00b7lacions Capel\",\"description\":\"Otro sitio realizado con WordPress\",\"publisher\":{\"@id\":\"https:\/\/www.instalacionscapel.com\/ca\/#organization\"},\"potentialAction\":[{\"@type\":\"SearchAction\",\"target\":{\"@type\":\"EntryPoint\",\"urlTemplate\":\"https:\/\/www.instalacionscapel.com\/ca\/?s={search_term_string}\"},\"query-input\":{\"@type\":\"PropertyValueSpecification\",\"valueRequired\":true,\"valueName\":\"search_term_string\"}}],\"inLanguage\":\"ca\"},{\"@type\":\"Organization\",\"@id\":\"https:\/\/www.instalacionscapel.com\/ca\/#organization\",\"name\":\"Instal\u00b7lacions Capel\",\"url\":\"https:\/\/www.instalacionscapel.com\/ca\/\",\"logo\":{\"@type\":\"ImageObject\",\"inLanguage\":\"ca\",\"@id\":\"https:\/\/www.instalacionscapel.com\/ca\/#\/schema\/logo\/image\/\",\"url\":\"https:\/\/www.instalacionscapel.com\/wp-content\/uploads\/2020\/11\/logo_capel_web.jpg\",\"contentUrl\":\"https:\/\/www.instalacionscapel.com\/wp-content\/uploads\/2020\/11\/logo_capel_web.jpg\",\"width\":456,\"height\":117,\"caption\":\"Instal\u00b7lacions Capel\"},\"image\":{\"@id\":\"https:\/\/www.instalacionscapel.com\/ca\/#\/schema\/logo\/image\/\"}}]}<\/script>\n<!-- \/ Yoast SEO plugin. -->","yoast_head_json":{"title":"Electricitat - Instal\u00b7lacions Capel","description":"Fem tota classe d'instal\u00b7lacions i reparacions el\u00e8ctriques de B.T. a Figueres i voltants. Pressupostos detallats.","robots":{"index":"index","follow":"follow","max-snippet":"max-snippet:-1","max-image-preview":"max-image-preview:large","max-video-preview":"max-video-preview:-1"},"canonical":"https:\/\/www.instalacionscapel.com\/ca\/serveis\/electricitat\/","og_locale":"ca_ES","og_type":"article","og_title":"Electricitat - Instal\u00b7lacions Capel","og_description":"Fem tota classe d'instal\u00b7lacions i reparacions el\u00e8ctriques de B.T. a Figueres i voltants. Pressupostos detallats.","og_url":"https:\/\/www.instalacionscapel.com\/ca\/serveis\/electricitat\/","og_site_name":"Instal\u00b7lacions Capel","article_modified_time":"2026-01-12T11:37:40+00:00","og_image":[{"width":116,"height":116,"url":"https:\/\/www.instalacionscapel.com\/wp-content\/uploads\/2020\/11\/icona_llum_w.png","type":"image\/png"}],"twitter_card":"summary_large_image","twitter_misc":{"Temps estimat de lectura":"1 minut"},"schema":{"@context":"https:\/\/schema.org","@graph":[{"@type":"WebPage","@id":"https:\/\/www.instalacionscapel.com\/ca\/serveis\/electricitat\/","url":"https:\/\/www.instalacionscapel.com\/ca\/serveis\/electricitat\/","name":"Electricitat - Instal\u00b7lacions Capel","isPartOf":{"@id":"https:\/\/www.instalacionscapel.com\/ca\/#website"},"primaryImageOfPage":{"@id":"https:\/\/www.instalacionscapel.com\/ca\/serveis\/electricitat\/#primaryimage"},"image":{"@id":"https:\/\/www.instalacionscapel.com\/ca\/serveis\/electricitat\/#primaryimage"},"thumbnailUrl":"https:\/\/www.instalacionscapel.com\/wp-content\/uploads\/2020\/11\/icona_llum_w.png","datePublished":"2020-11-20T09:37:10+00:00","dateModified":"2026-01-12T11:37:40+00:00","description":"Fem tota classe d'instal\u00b7lacions i reparacions el\u00e8ctriques de B.T. a Figueres i voltants. Pressupostos detallats.","breadcrumb":{"@id":"https:\/\/www.instalacionscapel.com\/ca\/serveis\/electricitat\/#breadcrumb"},"inLanguage":"ca","potentialAction":[{"@type":"ReadAction","target":["https:\/\/www.instalacionscapel.com\/ca\/serveis\/electricitat\/"]}]},{"@type":"ImageObject","inLanguage":"ca","@id":"https:\/\/www.instalacionscapel.com\/ca\/serveis\/electricitat\/#primaryimage","url":"https:\/\/www.instalacionscapel.com\/wp-content\/uploads\/2020\/11\/icona_llum_w.png","contentUrl":"https:\/\/www.instalacionscapel.com\/wp-content\/uploads\/2020\/11\/icona_llum_w.png"},{"@type":"BreadcrumbList","@id":"https:\/\/www.instalacionscapel.com\/ca\/serveis\/electricitat\/#breadcrumb","itemListElement":[{"@type":"ListItem","position":1,"name":"Portada","item":"https:\/\/www.instalacionscapel.com\/ca\/"},{"@type":"ListItem","position":2,"name":"Serveis","item":"https:\/\/www.instalacionscapel.com\/ca\/serveis\/"},{"@type":"ListItem","position":3,"name":"Electricitat"}]},{"@type":"WebSite","@id":"https:\/\/www.instalacionscapel.com\/ca\/#website","url":"https:\/\/www.instalacionscapel.com\/ca\/","name":"Instal\u00b7lacions Capel","description":"Otro sitio realizado con WordPress","publisher":{"@id":"https:\/\/www.instalacionscapel.com\/ca\/#organization"},"potentialAction":[{"@type":"SearchAction","target":{"@type":"EntryPoint","urlTemplate":"https:\/\/www.instalacionscapel.com\/ca\/?s={search_term_string}"},"query-input":{"@type":"PropertyValueSpecification","valueRequired":true,"valueName":"search_term_string"}}],"inLanguage":"ca"},{"@type":"Organization","@id":"https:\/\/www.instalacionscapel.com\/ca\/#organization","name":"Instal\u00b7lacions Capel","url":"https:\/\/www.instalacionscapel.com\/ca\/","logo":{"@type":"ImageObject","inLanguage":"ca","@id":"https:\/\/www.instalacionscapel.com\/ca\/#\/schema\/logo\/image\/","url":"https:\/\/www.instalacionscapel.com\/wp-content\/uploads\/2020\/11\/logo_capel_web.jpg","contentUrl":"https:\/\/www.instalacionscapel.com\/wp-content\/uploads\/2020\/11\/logo_capel_web.jpg","width":456,"height":117,"caption":"Instal\u00b7lacions Capel"},"image":{"@id":"https:\/\/www.instalacionscapel.com\/ca\/#\/schema\/logo\/image\/"}}]}},"_links":{"self":[{"href":"https:\/\/www.instalacionscapel.com\/ca\/wp-json\/wp\/v2\/pages\/467","targetHints":{"allow":["GET"]}}],"collection":[{"href":"https:\/\/www.instalacionscapel.com\/ca\/wp-json\/wp\/v2\/pages"}],"about":[{"href":"https:\/\/www.instalacionscapel.com\/ca\/wp-json\/wp\/v2\/types\/page"}],"author":[{"embeddable":true,"href":"https:\/\/www.instalacionscapel.com\/ca\/wp-json\/wp\/v2\/users\/1"}],"replies":[{"embeddable":true,"href":"https:\/\/www.instalacionscapel.com\/ca\/wp-json\/wp\/v2\/comments?post=467"}],"version-history":[{"count":6,"href":"https:\/\/www.instalacionscapel.com\/ca\/wp-json\/wp\/v2\/pages\/467\/revisions"}],"predecessor-version":[{"id":1010,"href":"https:\/\/www.instalacionscapel.com\/ca\/wp-json\/wp\/v2\/pages\/467\/revisions\/1010"}],"up":[{"embeddable":true,"href":"https:\/\/www.instalacionscapel.com\/ca\/wp-json\/wp\/v2\/pages\/454"}],"wp:attachment":[{"href":"https:\/\/www.instalacionscapel.com\/ca\/wp-json\/wp\/v2\/media?parent=467"}],"curies":[{"name":"wp","href":"https:\/\/api.w.org\/{rel}","templated":true}]}}