{"id":487,"date":"2020-11-20T09:40:51","date_gmt":"2020-11-20T09:40:51","guid":{"rendered":"https:\/\/www.instalacionscapel.com\/serveis\/telecomunicacions\/"},"modified":"2026-01-12T11:39:19","modified_gmt":"2026-01-12T11:39:19","slug":"telecomunicacions","status":"publish","type":"page","link":"https:\/\/www.instalacionscapel.com\/ca\/serveis\/telecomunicacions\/","title":{"rendered":"Telecomunicacions"},"content":{"rendered":"\t\t<div data-elementor-type=\"wp-page\" data-elementor-id=\"487\" class=\"elementor elementor-487 elementor-87\" data-elementor-post-type=\"page\">\n\t\t\t\t\t\t<section class=\"elementor-section elementor-top-section elementor-element elementor-element-b36ce0a elementor-section-full_width elementor-section-height-default elementor-section-height-default\" data-id=\"b36ce0a\" data-element_type=\"section\">\n\t\t\t\t\t\t<div class=\"elementor-container elementor-column-gap-no\">\n\t\t\t\t\t<div class=\"elementor-column elementor-col-100 elementor-top-column elementor-element elementor-element-f003026\" data-id=\"f003026\" data-element_type=\"column\">\n\t\t\t<div class=\"elementor-widget-wrap elementor-element-populated\">\n\t\t\t\t\t\t<div class=\"elementor-element elementor-element-da2c473 elementor--h-position-left elementor--v-position-bottom elementor-arrows-position-inside elementor-widget elementor-widget-slides\" data-id=\"da2c473\" data-element_type=\"widget\" data-settings=\"{&quot;navigation&quot;:&quot;arrows&quot;,&quot;autoplay&quot;:&quot;yes&quot;,&quot;pause_on_hover&quot;:&quot;yes&quot;,&quot;pause_on_interaction&quot;:&quot;yes&quot;,&quot;autoplay_speed&quot;:5000,&quot;infinite&quot;:&quot;yes&quot;,&quot;transition&quot;:&quot;slide&quot;,&quot;transition_speed&quot;:500}\" data-widget_type=\"slides.default\">\n\t\t\t\t<div class=\"elementor-widget-container\">\n\t\t\t\t\t\t\t\t\t<div class=\"elementor-swiper\">\n\t\t\t\t\t<div class=\"elementor-slides-wrapper elementor-main-swiper swiper\" role=\"region\" aria-roledescription=\"carousel\" aria-label=\"Diapositivas\" dir=\"ltr\" data-animation=\"zoomIn\">\n\t\t\t\t<div class=\"swiper-wrapper elementor-slides\">\n\t\t\t\t\t\t\t\t\t\t<div class=\"elementor-repeater-item-2fd9921 swiper-slide\" role=\"group\" aria-roledescription=\"slide\"><div class=\"swiper-slide-bg\" role=\"img\" aria-label=\"electricitat_s\"><\/div><div class=\"swiper-slide-inner\" ><div class=\"swiper-slide-contents\"><div class=\"elementor-slide-heading\">Electricitat<\/div><div class=\"elementor-slide-description\"><p>Dom\u00e8stiques <\/p>\n<p>Industrials <\/p>\n<p>Comercials<\/p>\n<\/div><\/div><\/div><\/div><div class=\"elementor-repeater-item-027212e swiper-slide\" role=\"group\" aria-roledescription=\"slide\"><div class=\"swiper-slide-bg\" role=\"img\" aria-label=\"aigua_s\"><\/div><div class=\"swiper-slide-inner\" ><div class=\"swiper-slide-contents\"><div class=\"elementor-slide-heading\">Aigua<\/div><div class=\"elementor-slide-description\"><p>Instal\u00b7lacions <br \/>Reparacions <br \/>Sanitaris <br \/>Aixetes <\/p>\n<\/div><\/div><\/div><\/div><div class=\"elementor-repeater-item-1d25d66 swiper-slide\" role=\"group\" aria-roledescription=\"slide\"><div class=\"swiper-slide-bg\" role=\"img\" aria-label=\"gas_s\"><\/div><div class=\"swiper-slide-inner\" ><div class=\"swiper-slide-contents\"><div class=\"elementor-slide-heading\">Gas<\/div><div class=\"elementor-slide-description\"><p>Instal\u00b7lacions de gas <br \/>(nivell A) <br \/>Industrials <br \/>Dom\u00e8stiques <\/p>\n<\/div><\/div><\/div><\/div><div class=\"elementor-repeater-item-4fa62f0 swiper-slide\" role=\"group\" aria-roledescription=\"slide\"><div class=\"swiper-slide-bg\" role=\"img\" aria-label=\"climatitzacio_s\"><\/div><div class=\"swiper-slide-inner\" ><div class=\"swiper-slide-contents\"><div class=\"elementor-slide-heading\">Calefacci\u00f3 i <br>climatizaci\u00f3<\/div><div class=\"elementor-slide-description\"><p>Calderes <br \/>Aire acondicionat <br \/>Legalizacions <br \/>Certificacions<\/p>\n<\/div><\/div><\/div><\/div>\t\t\t\t<\/div>\n\t\t\t\t\t\t\t\t\t\t\t\t\t\t\t<div class=\"elementor-swiper-button elementor-swiper-button-prev\" role=\"button\" tabindex=\"0\" aria-label=\"Previous slide\">\n\t\t\t\t\t\t\t<i aria-hidden=\"true\" class=\"eicon-chevron-left\"><\/i>\t\t\t\t\t\t<\/div>\n\t\t\t\t\t\t<div class=\"elementor-swiper-button elementor-swiper-button-next\" role=\"button\" tabindex=\"0\" aria-label=\"Next slide\">\n\t\t\t\t\t\t\t<i aria-hidden=\"true\" class=\"eicon-chevron-right\"><\/i>\t\t\t\t\t\t<\/div>\n\t\t\t\t\t\t\t\t\t\t\t\t\t\t\t\t\t<\/div>\n\t\t\t\t<\/div>\n\t\t\t\t\t\t\t\t<\/div>\n\t\t\t\t<\/div>\n\t\t\t\t\t<\/div>\n\t\t<\/div>\n\t\t\t\t\t<\/div>\n\t\t<\/section>\n\t\t\t\t<section class=\"elementor-section elementor-top-section elementor-element elementor-element-57047f8 elementor-section-boxed elementor-section-height-default elementor-section-height-default\" data-id=\"57047f8\" data-element_type=\"section\">\n\t\t\t\t\t\t<div class=\"elementor-container elementor-column-gap-default\">\n\t\t\t\t\t<div class=\"elementor-column elementor-col-100 elementor-top-column elementor-element elementor-element-e0cfd52\" data-id=\"e0cfd52\" data-element_type=\"column\">\n\t\t\t<div class=\"elementor-widget-wrap elementor-element-populated\">\n\t\t\t\t\t\t<div class=\"elementor-element elementor-element-dee32cd elementor-widget elementor-widget-heading\" data-id=\"dee32cd\" data-element_type=\"widget\" data-widget_type=\"heading.default\">\n\t\t\t\t<div class=\"elementor-widget-container\">\n\t\t\t\t\t<h2 class=\"elementor-heading-title elementor-size-default\">Telecomunicacions<\/h2>\t\t\t\t<\/div>\n\t\t\t\t<\/div>\n\t\t\t\t<div class=\"elementor-element elementor-element-6bcf30a elementor-widget elementor-widget-image\" data-id=\"6bcf30a\" data-element_type=\"widget\" data-widget_type=\"image.default\">\n\t\t\t\t<div class=\"elementor-widget-container\">\n\t\t\t\t\t\t\t\t\t\t\t\t\t\t\t<img decoding=\"async\" width=\"116\" height=\"116\" src=\"https:\/\/www.instalacionscapel.com\/wp-content\/uploads\/2020\/11\/icona_comunicacions_w.png\" class=\"attachment-large size-large wp-image-365\" alt=\"\" \/>\t\t\t\t\t\t\t\t\t\t\t\t\t\t\t<\/div>\n\t\t\t\t<\/div>\n\t\t\t\t<div class=\"elementor-element elementor-element-8089566 elementor-widget elementor-widget-text-editor\" data-id=\"8089566\" data-element_type=\"widget\" data-widget_type=\"text-editor.default\">\n\t\t\t\t<div class=\"elementor-widget-container\">\n\t\t\t\t\t\t\t\t\t<p>Instal\u00b7lacions de portes i v\u00eddeo &#8211; porters electr\u00f2nics, antenes individuals i col\u00b7lectives de TV-SAT, xarxes inform\u00e0tiques amb electr\u00f2nica integrada, amb \u00e0mplia experi\u00e8ncia d&#8217;obra p\u00fablica realitzades (escoles, edificis administratius, casernes policia i oficines).<\/p>\t\t\t\t\t\t\t\t<\/div>\n\t\t\t\t<\/div>\n\t\t\t\t<div class=\"elementor-element elementor-element-2fe02f8 elementor-widget elementor-widget-image\" data-id=\"2fe02f8\" data-element_type=\"widget\" data-widget_type=\"image.default\">\n\t\t\t\t<div class=\"elementor-widget-container\">\n\t\t\t\t\t\t\t\t\t\t\t\t\t\t\t<img fetchpriority=\"high\" decoding=\"async\" width=\"567\" height=\"410\" src=\"https:\/\/www.instalacionscapel.com\/wp-content\/uploads\/2020\/11\/telecomunicacions.jpg\" class=\"attachment-large size-large wp-image-383\" alt=\"\" srcset=\"https:\/\/www.instalacionscapel.com\/wp-content\/uploads\/2020\/11\/telecomunicacions.jpg 567w, https:\/\/www.instalacionscapel.com\/wp-content\/uploads\/2020\/11\/telecomunicacions-300x217.jpg 300w\" sizes=\"(max-width: 567px) 100vw, 567px\" \/>\t\t\t\t\t\t\t\t\t\t\t\t\t\t\t<\/div>\n\t\t\t\t<\/div>\n\t\t\t\t\t<\/div>\n\t\t<\/div>\n\t\t\t\t\t<\/div>\n\t\t<\/section>\n\t\t\t\t<section class=\"elementor-section elementor-top-section elementor-element elementor-element-c06fc05 elementor-section-boxed elementor-section-height-default elementor-section-height-default\" data-id=\"c06fc05\" data-element_type=\"section\">\n\t\t\t\t\t\t<div class=\"elementor-container elementor-column-gap-default\">\n\t\t\t\t\t<div class=\"elementor-column elementor-col-100 elementor-top-column elementor-element elementor-element-31a8ea4\" data-id=\"31a8ea4\" data-element_type=\"column\">\n\t\t\t<div class=\"elementor-widget-wrap elementor-element-populated\">\n\t\t\t\t\t\t<div class=\"elementor-element elementor-element-744b6f1 elementor-skin-carousel elementor-widget elementor-widget-media-carousel\" data-id=\"744b6f1\" data-element_type=\"widget\" data-settings=\"{&quot;slides_per_view&quot;:&quot;9&quot;,&quot;slides_to_scroll&quot;:&quot;9&quot;,&quot;skin&quot;:&quot;carousel&quot;,&quot;effect&quot;:&quot;slide&quot;,&quot;speed&quot;:500,&quot;space_between&quot;:{&quot;unit&quot;:&quot;px&quot;,&quot;size&quot;:10,&quot;sizes&quot;:[]},&quot;space_between_tablet&quot;:{&quot;unit&quot;:&quot;px&quot;,&quot;size&quot;:10,&quot;sizes&quot;:[]},&quot;space_between_mobile&quot;:{&quot;unit&quot;:&quot;px&quot;,&quot;size&quot;:10,&quot;sizes&quot;:[]}}\" data-widget_type=\"media-carousel.default\">\n\t\t\t\t<div class=\"elementor-widget-container\">\n\t\t\t\t\t\t\t\t\t<div class=\"elementor-swiper\">\n\t\t\t\t\t<div class=\"elementor-main-swiper swiper\" role=\"region\" aria-roledescription=\"carousel\" aria-label=\"Diapositivas\">\n\t\t\t\t<div class=\"swiper-wrapper\">\n\t\t\t\t\t\t\t\t\t\t\t<div class=\"swiper-slide\" role=\"group\" aria-roledescription=\"slide\">\n\t\t\t\t\t\t\t<a href=\"https:\/\/www.instalacionscapel.com\/ca\/serveis\/electricitat\/\">\t\t<div class=\"elementor-carousel-image\" role=\"img\" aria-label=\"icona_llum_w\" style=\"background-image: url(&#039;https:\/\/www.instalacionscapel.com\/wp-content\/uploads\/2020\/11\/icona_llum_w.png&#039;)\">\n\n\t\t\t\n\t\t\t\t\t<\/div>\n\t\t<\/a>\t\t\t\t\t\t<\/div>\n\t\t\t\t\t\t\t\t\t\t\t<div class=\"swiper-slide\" role=\"group\" aria-roledescription=\"slide\">\n\t\t\t\t\t\t\t<a href=\"https:\/\/www.instalacionscapel.com\/ca\/serveis\/fontaneria\/\">\t\t<div class=\"elementor-carousel-image\" role=\"img\" aria-label=\"icona_llauner_w\" style=\"background-image: url(&#039;https:\/\/www.instalacionscapel.com\/wp-content\/uploads\/2020\/11\/icona_llauner_w.png&#039;)\">\n\n\t\t\t\n\t\t\t\t\t<\/div>\n\t\t<\/a>\t\t\t\t\t\t<\/div>\n\t\t\t\t\t\t\t\t\t\t\t<div class=\"swiper-slide\" role=\"group\" aria-roledescription=\"slide\">\n\t\t\t\t\t\t\t<a href=\"https:\/\/www.instalacionscapel.com\/ca\/serveis\/gas\/\">\t\t<div class=\"elementor-carousel-image\" role=\"img\" aria-label=\"incona_calefaccio_w\" style=\"background-image: url(&#039;https:\/\/www.instalacionscapel.com\/wp-content\/uploads\/2020\/11\/incona_calefaccio_w.png&#039;)\">\n\n\t\t\t\n\t\t\t\t\t<\/div>\n\t\t<\/a>\t\t\t\t\t\t<\/div>\n\t\t\t\t\t\t\t\t\t\t\t<div class=\"swiper-slide\" role=\"group\" aria-roledescription=\"slide\">\n\t\t\t\t\t\t\t<a href=\"https:\/\/www.instalacionscapel.com\/ca\/serveis\/calefaccio-i-climatitzacio\/\">\t\t<div class=\"elementor-carousel-image\" role=\"img\" aria-label=\"icona_calefaccio_w\" style=\"background-image: url(&#039;https:\/\/www.instalacionscapel.com\/wp-content\/uploads\/2020\/11\/icona_calefaccio_w.png&#039;)\">\n\n\t\t\t\n\t\t\t\t\t<\/div>\n\t\t<\/a>\t\t\t\t\t\t<\/div>\n\t\t\t\t\t\t\t\t\t\t\t<div class=\"swiper-slide\" role=\"group\" aria-roledescription=\"slide\">\n\t\t\t\t\t\t\t<a href=\"https:\/\/www.instalacionscapel.com\/ca\/serveis\/energia-solar\/\">\t\t<div class=\"elementor-carousel-image\" role=\"img\" aria-label=\"icona_solar_w\" style=\"background-image: url(&#039;https:\/\/www.instalacionscapel.com\/wp-content\/uploads\/2020\/11\/icona_solar_w.png&#039;)\">\n\n\t\t\t\n\t\t\t\t\t<\/div>\n\t\t<\/a>\t\t\t\t\t\t<\/div>\n\t\t\t\t\t\t\t\t\t\t\t<div class=\"swiper-slide\" role=\"group\" aria-roledescription=\"slide\">\n\t\t\t\t\t\t\t<a href=\"https:\/\/www.instalacionscapel.com\/ca\/serveis\/telecomunicacions\/\">\t\t<div class=\"elementor-carousel-image\" role=\"img\" aria-label=\"icona_comunicacions_w\" style=\"background-image: url(&#039;https:\/\/www.instalacionscapel.com\/wp-content\/uploads\/2020\/11\/icona_comunicacions_w.png&#039;)\">\n\n\t\t\t\n\t\t\t\t\t<\/div>\n\t\t<\/a>\t\t\t\t\t\t<\/div>\n\t\t\t\t\t\t\t\t\t<\/div>\n\t\t\t\t\t\t\t\t\t\t\t\t\t\t\t\t\t\t\t\t\t<\/div>\n\t\t\t\t<\/div>\n\t\t\t\t\t\t\t\t<\/div>\n\t\t\t\t<\/div>\n\t\t\t\t\t<\/div>\n\t\t<\/div>\n\t\t\t\t\t<\/div>\n\t\t<\/section>\n\t\t\t\t<\/div>\n\t\t","protected":false},"excerpt":{"rendered":"<p>Electricitat Dom\u00e8stiques Industrials Comercials Aigua Instal\u00b7lacions Reparacions Sanitaris Aixetes Gas Instal\u00b7lacions de gas (nivell A) Industrials Dom\u00e8stiques Calefacci\u00f3 i climatizaci\u00f3 Calderes Aire acondicionat Legalizacions Certificacions Instal\u00b7lacions de portes i v\u00eddeo &#8211; porters electr\u00f2nics, antenes individuals i col\u00b7lectives de TV-SAT, xarxes inform\u00e0tiques amb electr\u00f2nica integrada, amb \u00e0mplia experi\u00e8ncia d&#8217;obra p\u00fablica realitzades (escoles, edificis administratius, casernes policia &#8230; <a title=\"Telecomunicacions\" class=\"read-more\" href=\"https:\/\/www.instalacionscapel.com\/ca\/serveis\/telecomunicacions\/\" aria-label=\"M\u00e9s informaci\u00f3 sobre Telecomunicacions\">Llegiu m\u00e9s<\/a><\/p>\n","protected":false},"author":1,"featured_media":0,"parent":454,"menu_order":0,"comment_status":"closed","ping_status":"closed","template":"","meta":{"_monsterinsights_skip_tracking":false,"_monsterinsights_sitenote_active":false,"_monsterinsights_sitenote_note":"","_monsterinsights_sitenote_category":0,"footnotes":""},"class_list":["post-487","page","type-page","status-publish"],"yoast_head":"<!-- This site is optimized with the Yoast SEO plugin v26.7 - https:\/\/yoast.com\/wordpress\/plugins\/seo\/ -->\n<title>Telecomunicacions - Instal\u00b7lacions Capel<\/title>\n<meta name=\"description\" content=\"Realitzem instal\u00b7lacions de telecomunicacions a l&#039;Empord\u00e0. Porters electr\u00f2nics, antenes individuals i col\u00b7lectives de TV-SAT\" \/>\n<meta name=\"robots\" content=\"index, follow, max-snippet:-1, max-image-preview:large, max-video-preview:-1\" \/>\n<link rel=\"canonical\" href=\"https:\/\/www.instalacionscapel.com\/ca\/serveis\/telecomunicacions\/\" \/>\n<meta property=\"og:locale\" content=\"ca_ES\" \/>\n<meta property=\"og:type\" content=\"article\" \/>\n<meta property=\"og:title\" content=\"Telecomunicacions - Instal\u00b7lacions Capel\" \/>\n<meta property=\"og:description\" content=\"Realitzem instal\u00b7lacions de telecomunicacions a l&#039;Empord\u00e0. Porters electr\u00f2nics, antenes individuals i col\u00b7lectives de TV-SAT\" \/>\n<meta property=\"og:url\" content=\"https:\/\/www.instalacionscapel.com\/ca\/serveis\/telecomunicacions\/\" \/>\n<meta property=\"og:site_name\" content=\"Instal\u00b7lacions Capel\" \/>\n<meta property=\"article:modified_time\" content=\"2026-01-12T11:39:19+00:00\" \/>\n<meta property=\"og:image\" content=\"https:\/\/www.instalacionscapel.com\/wp-content\/uploads\/2020\/11\/icona_comunicacions_w.png\" \/>\n\t<meta property=\"og:image:width\" content=\"116\" \/>\n\t<meta property=\"og:image:height\" content=\"116\" \/>\n\t<meta property=\"og:image:type\" content=\"image\/png\" \/>\n<meta name=\"twitter:card\" content=\"summary_large_image\" \/>\n<meta name=\"twitter:label1\" content=\"Temps estimat de lectura\" \/>\n\t<meta name=\"twitter:data1\" content=\"1 minut\" \/>\n<script type=\"application\/ld+json\" class=\"yoast-schema-graph\">{\"@context\":\"https:\/\/schema.org\",\"@graph\":[{\"@type\":\"WebPage\",\"@id\":\"https:\/\/www.instalacionscapel.com\/ca\/serveis\/telecomunicacions\/\",\"url\":\"https:\/\/www.instalacionscapel.com\/ca\/serveis\/telecomunicacions\/\",\"name\":\"Telecomunicacions - Instal\u00b7lacions Capel\",\"isPartOf\":{\"@id\":\"https:\/\/www.instalacionscapel.com\/ca\/#website\"},\"primaryImageOfPage\":{\"@id\":\"https:\/\/www.instalacionscapel.com\/ca\/serveis\/telecomunicacions\/#primaryimage\"},\"image\":{\"@id\":\"https:\/\/www.instalacionscapel.com\/ca\/serveis\/telecomunicacions\/#primaryimage\"},\"thumbnailUrl\":\"https:\/\/www.instalacionscapel.com\/wp-content\/uploads\/2020\/11\/icona_comunicacions_w.png\",\"datePublished\":\"2020-11-20T09:40:51+00:00\",\"dateModified\":\"2026-01-12T11:39:19+00:00\",\"description\":\"Realitzem instal\u00b7lacions de telecomunicacions a l'Empord\u00e0. Porters electr\u00f2nics, antenes individuals i col\u00b7lectives de TV-SAT\",\"breadcrumb\":{\"@id\":\"https:\/\/www.instalacionscapel.com\/ca\/serveis\/telecomunicacions\/#breadcrumb\"},\"inLanguage\":\"ca\",\"potentialAction\":[{\"@type\":\"ReadAction\",\"target\":[\"https:\/\/www.instalacionscapel.com\/ca\/serveis\/telecomunicacions\/\"]}]},{\"@type\":\"ImageObject\",\"inLanguage\":\"ca\",\"@id\":\"https:\/\/www.instalacionscapel.com\/ca\/serveis\/telecomunicacions\/#primaryimage\",\"url\":\"https:\/\/www.instalacionscapel.com\/wp-content\/uploads\/2020\/11\/icona_comunicacions_w.png\",\"contentUrl\":\"https:\/\/www.instalacionscapel.com\/wp-content\/uploads\/2020\/11\/icona_comunicacions_w.png\"},{\"@type\":\"BreadcrumbList\",\"@id\":\"https:\/\/www.instalacionscapel.com\/ca\/serveis\/telecomunicacions\/#breadcrumb\",\"itemListElement\":[{\"@type\":\"ListItem\",\"position\":1,\"name\":\"Portada\",\"item\":\"https:\/\/www.instalacionscapel.com\/ca\/\"},{\"@type\":\"ListItem\",\"position\":2,\"name\":\"Serveis\",\"item\":\"https:\/\/www.instalacionscapel.com\/ca\/serveis\/\"},{\"@type\":\"ListItem\",\"position\":3,\"name\":\"Telecomunicacions\"}]},{\"@type\":\"WebSite\",\"@id\":\"https:\/\/www.instalacionscapel.com\/ca\/#website\",\"url\":\"https:\/\/www.instalacionscapel.com\/ca\/\",\"name\":\"Instal\u00b7lacions Capel\",\"description\":\"Otro sitio realizado con WordPress\",\"publisher\":{\"@id\":\"https:\/\/www.instalacionscapel.com\/ca\/#organization\"},\"potentialAction\":[{\"@type\":\"SearchAction\",\"target\":{\"@type\":\"EntryPoint\",\"urlTemplate\":\"https:\/\/www.instalacionscapel.com\/ca\/?s={search_term_string}\"},\"query-input\":{\"@type\":\"PropertyValueSpecification\",\"valueRequired\":true,\"valueName\":\"search_term_string\"}}],\"inLanguage\":\"ca\"},{\"@type\":\"Organization\",\"@id\":\"https:\/\/www.instalacionscapel.com\/ca\/#organization\",\"name\":\"Instal\u00b7lacions Capel\",\"url\":\"https:\/\/www.instalacionscapel.com\/ca\/\",\"logo\":{\"@type\":\"ImageObject\",\"inLanguage\":\"ca\",\"@id\":\"https:\/\/www.instalacionscapel.com\/ca\/#\/schema\/logo\/image\/\",\"url\":\"https:\/\/www.instalacionscapel.com\/wp-content\/uploads\/2020\/11\/logo_capel_web.jpg\",\"contentUrl\":\"https:\/\/www.instalacionscapel.com\/wp-content\/uploads\/2020\/11\/logo_capel_web.jpg\",\"width\":456,\"height\":117,\"caption\":\"Instal\u00b7lacions Capel\"},\"image\":{\"@id\":\"https:\/\/www.instalacionscapel.com\/ca\/#\/schema\/logo\/image\/\"}}]}<\/script>\n<!-- \/ Yoast SEO plugin. -->","yoast_head_json":{"title":"Telecomunicacions - Instal\u00b7lacions Capel","description":"Realitzem instal\u00b7lacions de telecomunicacions a l'Empord\u00e0. Porters electr\u00f2nics, antenes individuals i col\u00b7lectives de TV-SAT","robots":{"index":"index","follow":"follow","max-snippet":"max-snippet:-1","max-image-preview":"max-image-preview:large","max-video-preview":"max-video-preview:-1"},"canonical":"https:\/\/www.instalacionscapel.com\/ca\/serveis\/telecomunicacions\/","og_locale":"ca_ES","og_type":"article","og_title":"Telecomunicacions - Instal\u00b7lacions Capel","og_description":"Realitzem instal\u00b7lacions de telecomunicacions a l'Empord\u00e0. Porters electr\u00f2nics, antenes individuals i col\u00b7lectives de TV-SAT","og_url":"https:\/\/www.instalacionscapel.com\/ca\/serveis\/telecomunicacions\/","og_site_name":"Instal\u00b7lacions Capel","article_modified_time":"2026-01-12T11:39:19+00:00","og_image":[{"width":116,"height":116,"url":"https:\/\/www.instalacionscapel.com\/wp-content\/uploads\/2020\/11\/icona_comunicacions_w.png","type":"image\/png"}],"twitter_card":"summary_large_image","twitter_misc":{"Temps estimat de lectura":"1 minut"},"schema":{"@context":"https:\/\/schema.org","@graph":[{"@type":"WebPage","@id":"https:\/\/www.instalacionscapel.com\/ca\/serveis\/telecomunicacions\/","url":"https:\/\/www.instalacionscapel.com\/ca\/serveis\/telecomunicacions\/","name":"Telecomunicacions - Instal\u00b7lacions Capel","isPartOf":{"@id":"https:\/\/www.instalacionscapel.com\/ca\/#website"},"primaryImageOfPage":{"@id":"https:\/\/www.instalacionscapel.com\/ca\/serveis\/telecomunicacions\/#primaryimage"},"image":{"@id":"https:\/\/www.instalacionscapel.com\/ca\/serveis\/telecomunicacions\/#primaryimage"},"thumbnailUrl":"https:\/\/www.instalacionscapel.com\/wp-content\/uploads\/2020\/11\/icona_comunicacions_w.png","datePublished":"2020-11-20T09:40:51+00:00","dateModified":"2026-01-12T11:39:19+00:00","description":"Realitzem instal\u00b7lacions de telecomunicacions a l'Empord\u00e0. Porters electr\u00f2nics, antenes individuals i col\u00b7lectives de TV-SAT","breadcrumb":{"@id":"https:\/\/www.instalacionscapel.com\/ca\/serveis\/telecomunicacions\/#breadcrumb"},"inLanguage":"ca","potentialAction":[{"@type":"ReadAction","target":["https:\/\/www.instalacionscapel.com\/ca\/serveis\/telecomunicacions\/"]}]},{"@type":"ImageObject","inLanguage":"ca","@id":"https:\/\/www.instalacionscapel.com\/ca\/serveis\/telecomunicacions\/#primaryimage","url":"https:\/\/www.instalacionscapel.com\/wp-content\/uploads\/2020\/11\/icona_comunicacions_w.png","contentUrl":"https:\/\/www.instalacionscapel.com\/wp-content\/uploads\/2020\/11\/icona_comunicacions_w.png"},{"@type":"BreadcrumbList","@id":"https:\/\/www.instalacionscapel.com\/ca\/serveis\/telecomunicacions\/#breadcrumb","itemListElement":[{"@type":"ListItem","position":1,"name":"Portada","item":"https:\/\/www.instalacionscapel.com\/ca\/"},{"@type":"ListItem","position":2,"name":"Serveis","item":"https:\/\/www.instalacionscapel.com\/ca\/serveis\/"},{"@type":"ListItem","position":3,"name":"Telecomunicacions"}]},{"@type":"WebSite","@id":"https:\/\/www.instalacionscapel.com\/ca\/#website","url":"https:\/\/www.instalacionscapel.com\/ca\/","name":"Instal\u00b7lacions Capel","description":"Otro sitio realizado con WordPress","publisher":{"@id":"https:\/\/www.instalacionscapel.com\/ca\/#organization"},"potentialAction":[{"@type":"SearchAction","target":{"@type":"EntryPoint","urlTemplate":"https:\/\/www.instalacionscapel.com\/ca\/?s={search_term_string}"},"query-input":{"@type":"PropertyValueSpecification","valueRequired":true,"valueName":"search_term_string"}}],"inLanguage":"ca"},{"@type":"Organization","@id":"https:\/\/www.instalacionscapel.com\/ca\/#organization","name":"Instal\u00b7lacions Capel","url":"https:\/\/www.instalacionscapel.com\/ca\/","logo":{"@type":"ImageObject","inLanguage":"ca","@id":"https:\/\/www.instalacionscapel.com\/ca\/#\/schema\/logo\/image\/","url":"https:\/\/www.instalacionscapel.com\/wp-content\/uploads\/2020\/11\/logo_capel_web.jpg","contentUrl":"https:\/\/www.instalacionscapel.com\/wp-content\/uploads\/2020\/11\/logo_capel_web.jpg","width":456,"height":117,"caption":"Instal\u00b7lacions Capel"},"image":{"@id":"https:\/\/www.instalacionscapel.com\/ca\/#\/schema\/logo\/image\/"}}]}},"_links":{"self":[{"href":"https:\/\/www.instalacionscapel.com\/ca\/wp-json\/wp\/v2\/pages\/487","targetHints":{"allow":["GET"]}}],"collection":[{"href":"https:\/\/www.instalacionscapel.com\/ca\/wp-json\/wp\/v2\/pages"}],"about":[{"href":"https:\/\/www.instalacionscapel.com\/ca\/wp-json\/wp\/v2\/types\/page"}],"author":[{"embeddable":true,"href":"https:\/\/www.instalacionscapel.com\/ca\/wp-json\/wp\/v2\/users\/1"}],"replies":[{"embeddable":true,"href":"https:\/\/www.instalacionscapel.com\/ca\/wp-json\/wp\/v2\/comments?post=487"}],"version-history":[{"count":6,"href":"https:\/\/www.instalacionscapel.com\/ca\/wp-json\/wp\/v2\/pages\/487\/revisions"}],"predecessor-version":[{"id":1014,"href":"https:\/\/www.instalacionscapel.com\/ca\/wp-json\/wp\/v2\/pages\/487\/revisions\/1014"}],"up":[{"embeddable":true,"href":"https:\/\/www.instalacionscapel.com\/ca\/wp-json\/wp\/v2\/pages\/454"}],"wp:attachment":[{"href":"https:\/\/www.instalacionscapel.com\/ca\/wp-json\/wp\/v2\/media?parent=487"}],"curies":[{"name":"wp","href":"https:\/\/api.w.org\/{rel}","templated":true}]}}