{"id":510,"date":"2020-11-18T15:16:38","date_gmt":"2020-11-18T15:16:38","guid":{"rendered":"https:\/\/www.instalacionscapel.com\/politica-de-privacidad\/"},"modified":"2021-01-15T13:34:24","modified_gmt":"2021-01-15T13:34:24","slug":"politica-de-privacitat","status":"publish","type":"page","link":"https:\/\/www.instalacionscapel.com\/ca\/politica-de-privacitat\/","title":{"rendered":"Politica de privacitat"},"content":{"rendered":"\t\t<div data-elementor-type=\"wp-page\" data-elementor-id=\"510\" class=\"elementor elementor-510 elementor-265\" data-elementor-post-type=\"page\">\n\t\t\t\t\t\t<section class=\"elementor-section elementor-top-section elementor-element elementor-element-c3c82a9 elementor-section-boxed elementor-section-height-default elementor-section-height-default\" data-id=\"c3c82a9\" data-element_type=\"section\">\n\t\t\t\t\t\t<div class=\"elementor-container elementor-column-gap-default\">\n\t\t\t\t\t<div class=\"elementor-column elementor-col-100 elementor-top-column elementor-element elementor-element-8303501\" data-id=\"8303501\" data-element_type=\"column\">\n\t\t\t<div class=\"elementor-widget-wrap elementor-element-populated\">\n\t\t\t\t\t\t<div class=\"elementor-element elementor-element-fa17477 elementor-widget elementor-widget-text-editor\" data-id=\"fa17477\" data-element_type=\"widget\" data-widget_type=\"text-editor.default\">\n\t\t\t\t<div class=\"elementor-widget-container\">\n\t\t\t\t\t\t\t\t\t<p><strong>RESPONSABLE<\/strong><\/p><ol><li>1. Identitat<\/li><\/ol><p>Empresa:\u00a0INSTAL\u00b7LACIONS CAPEL, S.L.- CIF: B-17062597 Dir. Postal: C\/ MENDEZ NU\u00d1EZ, 57 17600 FIGUERES (Girona)\u00a0E-mail:\u00a0<span id=\"cloakdb3acb11dd71e857facde14866cc69e4\"><\/span><a href=\"mailto:info@instalacionscapel.com\">info@instalacionscapel.com<\/a>.<\/p><p>Dades de contacte del delegat en protecci\u00f3 de dades:<\/p><p>No es disposa de Delegat.<\/p><p><strong>FINALITATS<\/strong><\/p><ol start=\"2\"><li>2. Descripci\u00f3 ampliada de la finalitat\/\u00e9s del tractament:<\/li><\/ol><p>Tractarem les seves dades (per exemple: per a la Gesti\u00f3 administrativa, comptable i fiscal, per\u00f2 vost\u00e8 haur\u00e0 de posar la finalitat del seu tractament)<\/p><p><strong>CONSERVACI\u00d3<\/strong><\/p><ol start=\"3\"><li>3. Terminis o criteris de conservaci\u00f3 de les dades:<\/li><\/ol><p>Les dades personals proporcionades es conservaran mentre es mantingui la relaci\u00f3 amb l&#8217;entitat i no se sol\u00b7liciti la seva supressi\u00f3 per l&#8217;interessat, seran conservats conforme als terminis legals establerts en mat\u00e8ria fiscal i comptable, prenent com a refer\u00e8ncia l&#8217;\u00faltima comunicaci\u00f3.<\/p><p><strong>DECISIONS<\/strong><\/p><ol start=\"4\"><li>4. Decisions automatitzades, perfils i l\u00f2gica aplicada:<\/li><\/ol><p>L&#8217;empresa NO prendr\u00e0 decisions automatitzades, perfils o l\u00f2gica aplicada a les seves dades.<\/p><p><strong>LEGITIMACI\u00d3<\/strong><\/p><ol start=\"5\"><li>5. Legitimaci\u00f3 per execuci\u00f3 d&#8217;un contracte:<\/li><\/ol><p>A causa que el tractament \u00e9s necessari per a l&#8217;execuci\u00f3 d&#8217;un contracte mercantil, en el qual vost\u00e8 \u00e9s part , es fa constar que el tipus de contracte que es tracta, \u00e9s el citat contracte mercantil o la relaci\u00f3 *precontractual.<\/p><p>Com la comunicaci\u00f3 de dades personals \u00e9s un requisit legal o contractual i un requisit necessari per subscriure el citat contracte, s&#8217;informa a l&#8217;interessat que est\u00e0 obligat a facilitar les dades personals, i aix\u00ed mateix que\u00a0 les conseq\u00fc\u00e8ncies de no fer-ho poden suposar la no prestaci\u00f3 del servei sol\u00b7licitat.<\/p><p><strong>DESTINATARIS<\/strong><\/p><ol start=\"6\"><li>6. Durant el per\u00edode de durada del tractament, INSTAL\u00b7LACIONS CAPEL, S.L.- no realitzar\u00e0 cap cessi\u00f3, excepte obligaci\u00f3 legal, ni tampoc transfer\u00e8ncia alguna.<\/li><\/ol><p><strong>DRETS<\/strong><\/p><ol start=\"7\"><li>7. L&#8217;interessat pot exercir els seg\u00fcents drets:<\/li><\/ol><ul><li>\u2022 Dret a sol\u00b7licitar l&#8217;acc\u00e9s a les seves dades personals.<\/li><li>\u2022 Dret a sol\u00b7licitar la seva rectificaci\u00f3 o supressi\u00f3.<\/li><li>\u2022 Dret a sol\u00b7licitar la limitaci\u00f3 del seu tractament.<\/li><li>\u2022 Dret a oposar-se al tractament.<\/li><li>\u2022 Dret a la portabilitat de les dades.<\/li><li>\u2022 Dret a retirar el consentiment prestat.<\/li><\/ul><p>Qualsevol persona t\u00e9 dret a obtenir confirmaci\u00f3 sobre si en l&#8217;Entitat estem tractant dades personals que els concerneixin, o no. Les persones interessades tenen dret a accedir a les seves dades personals, aix\u00ed com a sol\u00b7licitar la rectificaci\u00f3 de les dades inexactes o, si escau, sol\u00b7licitar la seva supressi\u00f3 quan, entre altres motius, les dades ja no siguin necessaris per a les finalitats que van ser recollits.<\/p><p>En determinades circumst\u00e0ncies, els interessats podran sol\u00b7licitar la limitaci\u00f3 del tractament de les seves dades, en aquest cas \u00fanicament els conservarem per a l&#8217;exercici o la defensa de reclamacions. En determinades circumst\u00e0ncies i per motius relacionats amb la seva situaci\u00f3 particular, els interessats podran oposar-se al tractament de les seves dades. En aquest cas, l&#8217;entitat,\u00a0 deixar\u00e0 de tractar les dades, salvo per motius leg\u00edtims imperiosos, o l&#8217;exercici o la defensa de possibles reclamacions.<\/p><p>Si ha atorgat el seu consentiment per a alguna finalitat concreta, t\u00e9 dret a retirar el consentiment atorgat a qualsevol moment, sense que aix\u00f2 afecti a la licitud del tractament basat en el consentiment previ a la seva retirada.<\/p><p>Per a aix\u00f2 podr\u00e0 emprar els formularis habilitats per l&#8217;empresa, o b\u00e9 dirigir un escrit a\u00a0INSTAL\u00b7LACIONS CAPEL, S.L.-\u00a0 \u00a0\u00a0\u00a0C\/ MENDEZ NU\u00d1EZ, 57 17600 FIGUERES (Girona)\u00a0\u00a0tamb\u00e9 pot enviar un email a:\u00a0<span id=\"cloak1a576149f511a357bdfa2e3226ef9bcb\"><\/span><a href=\"mailto:info@instalacionscapel.com\">info@instalacionscapel.com<\/a>.\u00a0\u00a0\u00a0<\/p><p>En cas que senti vulnerats els seus drets pel que concerneix la protecci\u00f3 de les seves dades personals, especialment quan no hagi obtingut satisfacci\u00f3 en l&#8217;exercici dels seus drets, pot presentar una reclamaci\u00f3 davant l&#8217;Autoritat de Control en mat\u00e8ria de Protecci\u00f3 de Dades competent a trav\u00e9s del seu lloc web: www.agpd.es.<\/p><p>En compliment del previngut en l&#8217;article 21 de la Llei 34\/2002 de serveis de la societat de la informaci\u00f3 i comer\u00e7 electr\u00f2nic, si vost\u00e8 no desitja rebre m\u00e9s informaci\u00f3 sobre els nostres serveis, pot donar-se de baixa en la seg\u00fcent adre\u00e7a de correu electr\u00f2nic de l&#8217;entitat, indicant en l&#8217;assumpte &#8220;No enviar correus&#8221;.<\/p><p><strong>PROCED\u00c8NCIA DE LES DADES<\/strong><\/p><p>Les dades personals que tractem en\u00a0INSTAL\u00b7LACIONS CAPEL, S.L.\u00a0procedeixen directament de vost\u00e8:<\/p><p>Les categories de dades que es tracten s\u00f3n:<\/p><ul><li>\u2022 Dades d&#8217;identificaci\u00f3<\/li><li>\u2022 Codis o claus d&#8217;identificaci\u00f3<\/li><li>\u2022 Adrecis postals o electr\u00f2niques<\/li><li>\u2022 Informaci\u00f3 comercial<\/li><li>\u2022 Dades econ\u00f2miques<\/li><\/ul><p>No es tracten dades especialment protegides.<\/p>\t\t\t\t\t\t\t\t<\/div>\n\t\t\t\t<\/div>\n\t\t\t\t\t<\/div>\n\t\t<\/div>\n\t\t\t\t\t<\/div>\n\t\t<\/section>\n\t\t\t\t<\/div>\n\t\t","protected":false},"excerpt":{"rendered":"<p>RESPONSABLE 1. Identitat Empresa:\u00a0INSTAL\u00b7LACIONS CAPEL, S.L.- CIF: B-17062597 Dir. Postal: C\/ MENDEZ NU\u00d1EZ, 57 17600 FIGUERES (Girona)\u00a0E-mail:\u00a0info@instalacionscapel.com. Dades de contacte del delegat en protecci\u00f3 de dades: No es disposa de Delegat. FINALITATS 2. Descripci\u00f3 ampliada de la finalitat\/\u00e9s del tractament: Tractarem les seves dades (per exemple: per a la Gesti\u00f3 administrativa, comptable i fiscal, per\u00f2 &#8230; <a title=\"Politica de privacitat\" class=\"read-more\" href=\"https:\/\/www.instalacionscapel.com\/ca\/politica-de-privacitat\/\" aria-label=\"M\u00e9s informaci\u00f3 sobre Politica de privacitat\">Llegiu m\u00e9s<\/a><\/p>\n","protected":false},"author":1,"featured_media":0,"parent":0,"menu_order":0,"comment_status":"closed","ping_status":"closed","template":"","meta":{"_monsterinsights_skip_tracking":false,"_monsterinsights_sitenote_active":false,"_monsterinsights_sitenote_note":"","_monsterinsights_sitenote_category":0,"footnotes":""},"class_list":["post-510","page","type-page","status-publish"],"yoast_head":"<!-- This site is optimized with the Yoast SEO plugin v26.7 - https:\/\/yoast.com\/wordpress\/plugins\/seo\/ -->\n<title>Politica de privacitat - Instal\u00b7lacions Capel<\/title>\n<meta name=\"robots\" content=\"index, follow, max-snippet:-1, max-image-preview:large, max-video-preview:-1\" \/>\n<link rel=\"canonical\" href=\"https:\/\/www.instalacionscapel.com\/ca\/politica-de-privacitat\/\" \/>\n<meta property=\"og:locale\" content=\"ca_ES\" \/>\n<meta property=\"og:type\" content=\"article\" \/>\n<meta property=\"og:title\" content=\"Politica de privacitat - Instal\u00b7lacions Capel\" \/>\n<meta property=\"og:description\" content=\"RESPONSABLE 1. Identitat Empresa:\u00a0INSTAL\u00b7LACIONS CAPEL, S.L.- CIF: B-17062597 Dir. Postal: C\/ MENDEZ NU\u00d1EZ, 57 17600 FIGUERES (Girona)\u00a0E-mail:\u00a0info@instalacionscapel.com. Dades de contacte del delegat en protecci\u00f3 de dades: No es disposa de Delegat. FINALITATS 2. Descripci\u00f3 ampliada de la finalitat\/\u00e9s del tractament: Tractarem les seves dades (per exemple: per a la Gesti\u00f3 administrativa, comptable i fiscal, per\u00f2 ... Llegiu m\u00e9s\" \/>\n<meta property=\"og:url\" content=\"https:\/\/www.instalacionscapel.com\/ca\/politica-de-privacitat\/\" \/>\n<meta property=\"og:site_name\" content=\"Instal\u00b7lacions Capel\" \/>\n<meta property=\"article:modified_time\" content=\"2021-01-15T13:34:24+00:00\" \/>\n<meta name=\"twitter:card\" content=\"summary_large_image\" \/>\n<meta name=\"twitter:label1\" content=\"Temps estimat de lectura\" \/>\n\t<meta name=\"twitter:data1\" content=\"3 minuts\" \/>\n<script type=\"application\/ld+json\" class=\"yoast-schema-graph\">{\"@context\":\"https:\/\/schema.org\",\"@graph\":[{\"@type\":\"WebPage\",\"@id\":\"https:\/\/www.instalacionscapel.com\/ca\/politica-de-privacitat\/\",\"url\":\"https:\/\/www.instalacionscapel.com\/ca\/politica-de-privacitat\/\",\"name\":\"Politica de privacitat - Instal\u00b7lacions Capel\",\"isPartOf\":{\"@id\":\"https:\/\/www.instalacionscapel.com\/ca\/#website\"},\"datePublished\":\"2020-11-18T15:16:38+00:00\",\"dateModified\":\"2021-01-15T13:34:24+00:00\",\"breadcrumb\":{\"@id\":\"https:\/\/www.instalacionscapel.com\/ca\/politica-de-privacitat\/#breadcrumb\"},\"inLanguage\":\"ca\",\"potentialAction\":[{\"@type\":\"ReadAction\",\"target\":[\"https:\/\/www.instalacionscapel.com\/ca\/politica-de-privacitat\/\"]}]},{\"@type\":\"BreadcrumbList\",\"@id\":\"https:\/\/www.instalacionscapel.com\/ca\/politica-de-privacitat\/#breadcrumb\",\"itemListElement\":[{\"@type\":\"ListItem\",\"position\":1,\"name\":\"Portada\",\"item\":\"https:\/\/www.instalacionscapel.com\/ca\/\"},{\"@type\":\"ListItem\",\"position\":2,\"name\":\"Politica de privacitat\"}]},{\"@type\":\"WebSite\",\"@id\":\"https:\/\/www.instalacionscapel.com\/ca\/#website\",\"url\":\"https:\/\/www.instalacionscapel.com\/ca\/\",\"name\":\"Instal\u00b7lacions Capel\",\"description\":\"Otro sitio realizado con WordPress\",\"publisher\":{\"@id\":\"https:\/\/www.instalacionscapel.com\/ca\/#organization\"},\"potentialAction\":[{\"@type\":\"SearchAction\",\"target\":{\"@type\":\"EntryPoint\",\"urlTemplate\":\"https:\/\/www.instalacionscapel.com\/ca\/?s={search_term_string}\"},\"query-input\":{\"@type\":\"PropertyValueSpecification\",\"valueRequired\":true,\"valueName\":\"search_term_string\"}}],\"inLanguage\":\"ca\"},{\"@type\":\"Organization\",\"@id\":\"https:\/\/www.instalacionscapel.com\/ca\/#organization\",\"name\":\"Instal\u00b7lacions Capel\",\"url\":\"https:\/\/www.instalacionscapel.com\/ca\/\",\"logo\":{\"@type\":\"ImageObject\",\"inLanguage\":\"ca\",\"@id\":\"https:\/\/www.instalacionscapel.com\/ca\/#\/schema\/logo\/image\/\",\"url\":\"https:\/\/www.instalacionscapel.com\/wp-content\/uploads\/2020\/11\/logo_capel_web.jpg\",\"contentUrl\":\"https:\/\/www.instalacionscapel.com\/wp-content\/uploads\/2020\/11\/logo_capel_web.jpg\",\"width\":456,\"height\":117,\"caption\":\"Instal\u00b7lacions Capel\"},\"image\":{\"@id\":\"https:\/\/www.instalacionscapel.com\/ca\/#\/schema\/logo\/image\/\"}}]}<\/script>\n<!-- \/ Yoast SEO plugin. -->","yoast_head_json":{"title":"Politica de privacitat - Instal\u00b7lacions Capel","robots":{"index":"index","follow":"follow","max-snippet":"max-snippet:-1","max-image-preview":"max-image-preview:large","max-video-preview":"max-video-preview:-1"},"canonical":"https:\/\/www.instalacionscapel.com\/ca\/politica-de-privacitat\/","og_locale":"ca_ES","og_type":"article","og_title":"Politica de privacitat - Instal\u00b7lacions Capel","og_description":"RESPONSABLE 1. Identitat Empresa:\u00a0INSTAL\u00b7LACIONS CAPEL, S.L.- CIF: B-17062597 Dir. Postal: C\/ MENDEZ NU\u00d1EZ, 57 17600 FIGUERES (Girona)\u00a0E-mail:\u00a0info@instalacionscapel.com. Dades de contacte del delegat en protecci\u00f3 de dades: No es disposa de Delegat. FINALITATS 2. Descripci\u00f3 ampliada de la finalitat\/\u00e9s del tractament: Tractarem les seves dades (per exemple: per a la Gesti\u00f3 administrativa, comptable i fiscal, per\u00f2 ... Llegiu m\u00e9s","og_url":"https:\/\/www.instalacionscapel.com\/ca\/politica-de-privacitat\/","og_site_name":"Instal\u00b7lacions Capel","article_modified_time":"2021-01-15T13:34:24+00:00","twitter_card":"summary_large_image","twitter_misc":{"Temps estimat de lectura":"3 minuts"},"schema":{"@context":"https:\/\/schema.org","@graph":[{"@type":"WebPage","@id":"https:\/\/www.instalacionscapel.com\/ca\/politica-de-privacitat\/","url":"https:\/\/www.instalacionscapel.com\/ca\/politica-de-privacitat\/","name":"Politica de privacitat - Instal\u00b7lacions Capel","isPartOf":{"@id":"https:\/\/www.instalacionscapel.com\/ca\/#website"},"datePublished":"2020-11-18T15:16:38+00:00","dateModified":"2021-01-15T13:34:24+00:00","breadcrumb":{"@id":"https:\/\/www.instalacionscapel.com\/ca\/politica-de-privacitat\/#breadcrumb"},"inLanguage":"ca","potentialAction":[{"@type":"ReadAction","target":["https:\/\/www.instalacionscapel.com\/ca\/politica-de-privacitat\/"]}]},{"@type":"BreadcrumbList","@id":"https:\/\/www.instalacionscapel.com\/ca\/politica-de-privacitat\/#breadcrumb","itemListElement":[{"@type":"ListItem","position":1,"name":"Portada","item":"https:\/\/www.instalacionscapel.com\/ca\/"},{"@type":"ListItem","position":2,"name":"Politica de privacitat"}]},{"@type":"WebSite","@id":"https:\/\/www.instalacionscapel.com\/ca\/#website","url":"https:\/\/www.instalacionscapel.com\/ca\/","name":"Instal\u00b7lacions Capel","description":"Otro sitio realizado con WordPress","publisher":{"@id":"https:\/\/www.instalacionscapel.com\/ca\/#organization"},"potentialAction":[{"@type":"SearchAction","target":{"@type":"EntryPoint","urlTemplate":"https:\/\/www.instalacionscapel.com\/ca\/?s={search_term_string}"},"query-input":{"@type":"PropertyValueSpecification","valueRequired":true,"valueName":"search_term_string"}}],"inLanguage":"ca"},{"@type":"Organization","@id":"https:\/\/www.instalacionscapel.com\/ca\/#organization","name":"Instal\u00b7lacions Capel","url":"https:\/\/www.instalacionscapel.com\/ca\/","logo":{"@type":"ImageObject","inLanguage":"ca","@id":"https:\/\/www.instalacionscapel.com\/ca\/#\/schema\/logo\/image\/","url":"https:\/\/www.instalacionscapel.com\/wp-content\/uploads\/2020\/11\/logo_capel_web.jpg","contentUrl":"https:\/\/www.instalacionscapel.com\/wp-content\/uploads\/2020\/11\/logo_capel_web.jpg","width":456,"height":117,"caption":"Instal\u00b7lacions Capel"},"image":{"@id":"https:\/\/www.instalacionscapel.com\/ca\/#\/schema\/logo\/image\/"}}]}},"_links":{"self":[{"href":"https:\/\/www.instalacionscapel.com\/ca\/wp-json\/wp\/v2\/pages\/510","targetHints":{"allow":["GET"]}}],"collection":[{"href":"https:\/\/www.instalacionscapel.com\/ca\/wp-json\/wp\/v2\/pages"}],"about":[{"href":"https:\/\/www.instalacionscapel.com\/ca\/wp-json\/wp\/v2\/types\/page"}],"author":[{"embeddable":true,"href":"https:\/\/www.instalacionscapel.com\/ca\/wp-json\/wp\/v2\/users\/1"}],"replies":[{"embeddable":true,"href":"https:\/\/www.instalacionscapel.com\/ca\/wp-json\/wp\/v2\/comments?post=510"}],"version-history":[{"count":5,"href":"https:\/\/www.instalacionscapel.com\/ca\/wp-json\/wp\/v2\/pages\/510\/revisions"}],"predecessor-version":[{"id":694,"href":"https:\/\/www.instalacionscapel.com\/ca\/wp-json\/wp\/v2\/pages\/510\/revisions\/694"}],"wp:attachment":[{"href":"https:\/\/www.instalacionscapel.com\/ca\/wp-json\/wp\/v2\/media?parent=510"}],"curies":[{"name":"wp","href":"https:\/\/api.w.org\/{rel}","templated":true}]}}