{"id":76,"date":"2020-11-16T13:32:20","date_gmt":"2020-11-16T13:32:20","guid":{"rendered":"https:\/\/www.instalacionscapel.com\/?page_id=76"},"modified":"2026-01-12T11:23:57","modified_gmt":"2026-01-12T11:23:57","slug":"fontaneria","status":"publish","type":"page","link":"https:\/\/www.instalacionscapel.com\/es\/servicios\/fontaneria\/","title":{"rendered":"Fontaner\u00eda"},"content":{"rendered":"\t\t<div data-elementor-type=\"wp-page\" data-elementor-id=\"76\" class=\"elementor elementor-76\" data-elementor-post-type=\"page\">\n\t\t\t\t\t\t<section class=\"elementor-section elementor-top-section elementor-element elementor-element-c22964a elementor-section-full_width elementor-section-height-default elementor-section-height-default\" data-id=\"c22964a\" data-element_type=\"section\">\n\t\t\t\t\t\t<div class=\"elementor-container elementor-column-gap-no\">\n\t\t\t\t\t<div class=\"elementor-column elementor-col-100 elementor-top-column elementor-element elementor-element-ff1f5f0\" data-id=\"ff1f5f0\" data-element_type=\"column\">\n\t\t\t<div class=\"elementor-widget-wrap elementor-element-populated\">\n\t\t\t\t\t\t<div class=\"elementor-element elementor-element-1cfbda4 elementor--h-position-left elementor--v-position-bottom elementor-arrows-position-inside elementor-widget elementor-widget-slides\" data-id=\"1cfbda4\" data-element_type=\"widget\" data-settings=\"{&quot;navigation&quot;:&quot;arrows&quot;,&quot;autoplay&quot;:&quot;yes&quot;,&quot;pause_on_hover&quot;:&quot;yes&quot;,&quot;pause_on_interaction&quot;:&quot;yes&quot;,&quot;autoplay_speed&quot;:5000,&quot;infinite&quot;:&quot;yes&quot;,&quot;transition&quot;:&quot;slide&quot;,&quot;transition_speed&quot;:500}\" data-widget_type=\"slides.default\">\n\t\t\t\t<div class=\"elementor-widget-container\">\n\t\t\t\t\t\t\t\t\t<div class=\"elementor-swiper\">\n\t\t\t\t\t<div class=\"elementor-slides-wrapper elementor-main-swiper swiper\" role=\"region\" aria-roledescription=\"carousel\" aria-label=\"Diapositivas\" dir=\"ltr\" data-animation=\"zoomIn\">\n\t\t\t\t<div class=\"swiper-wrapper elementor-slides\">\n\t\t\t\t\t\t\t\t\t\t<div class=\"elementor-repeater-item-2fd9921 swiper-slide\" role=\"group\" aria-roledescription=\"slide\"><div class=\"swiper-slide-bg\" role=\"img\" aria-label=\"electricitat_s\"><\/div><div class=\"swiper-slide-inner\" ><div class=\"swiper-slide-contents\"><div class=\"elementor-slide-heading\">Electricidad<\/div><div class=\"elementor-slide-description\">\nDom\u00e9sticas <br>\n\nIndustriales <br>\n\nComerciales<\/div><\/div><\/div><\/div><div class=\"elementor-repeater-item-027212e swiper-slide\" role=\"group\" aria-roledescription=\"slide\"><div class=\"swiper-slide-bg\" role=\"img\" aria-label=\"aigua_s\"><\/div><div class=\"swiper-slide-inner\" ><div class=\"swiper-slide-contents\"><div class=\"elementor-slide-heading\">Agua<\/div><div class=\"elementor-slide-description\">Instalaciones <br>\nReparaciones <br>\nSanitarios <br>\nGrifer\u00edas <br><\/div><\/div><\/div><\/div><div class=\"elementor-repeater-item-1d25d66 swiper-slide\" role=\"group\" aria-roledescription=\"slide\"><div class=\"swiper-slide-bg\" role=\"img\" aria-label=\"gas_s\"><\/div><div class=\"swiper-slide-inner\" ><div class=\"swiper-slide-contents\"><div class=\"elementor-slide-heading\">Gas<\/div><div class=\"elementor-slide-description\">Instalaciones de gas <br>\n(nivel A) <br>\nIndustriales <br>\nDom\u00e9sticas <\/div><\/div><\/div><\/div><div class=\"elementor-repeater-item-4fa62f0 swiper-slide\" role=\"group\" aria-roledescription=\"slide\"><div class=\"swiper-slide-bg\" role=\"img\" aria-label=\"climatitzacio_s\"><\/div><div class=\"swiper-slide-inner\" ><div class=\"swiper-slide-contents\"><div class=\"elementor-slide-heading\">Calefacci\u00f3n y <br> climatizaci\u00f3n<\/div><div class=\"elementor-slide-description\">Calderas <br>\nAire acondicionado <br>\nLegalizaciones <br>\nCertificaciones<\/div><\/div><\/div><\/div>\t\t\t\t<\/div>\n\t\t\t\t\t\t\t\t\t\t\t\t\t\t\t<div class=\"elementor-swiper-button elementor-swiper-button-prev\" role=\"button\" tabindex=\"0\" aria-label=\"Diapositiva anterior\">\n\t\t\t\t\t\t\t<i aria-hidden=\"true\" class=\"eicon-chevron-left\"><\/i>\t\t\t\t\t\t<\/div>\n\t\t\t\t\t\t<div class=\"elementor-swiper-button elementor-swiper-button-next\" role=\"button\" tabindex=\"0\" aria-label=\"Diapositiva siguiente\">\n\t\t\t\t\t\t\t<i aria-hidden=\"true\" class=\"eicon-chevron-right\"><\/i>\t\t\t\t\t\t<\/div>\n\t\t\t\t\t\t\t\t\t\t\t\t\t\t\t\t\t<\/div>\n\t\t\t\t<\/div>\n\t\t\t\t\t\t\t\t<\/div>\n\t\t\t\t<\/div>\n\t\t\t\t\t<\/div>\n\t\t<\/div>\n\t\t\t\t\t<\/div>\n\t\t<\/section>\n\t\t\t\t<section class=\"elementor-section elementor-top-section elementor-element elementor-element-a5cff32 elementor-section-boxed elementor-section-height-default elementor-section-height-default\" data-id=\"a5cff32\" data-element_type=\"section\">\n\t\t\t\t\t\t<div class=\"elementor-container elementor-column-gap-default\">\n\t\t\t\t\t<div class=\"elementor-column elementor-col-100 elementor-top-column elementor-element elementor-element-f0611bc\" data-id=\"f0611bc\" data-element_type=\"column\">\n\t\t\t<div class=\"elementor-widget-wrap elementor-element-populated\">\n\t\t\t\t\t\t<div class=\"elementor-element elementor-element-a31849e elementor-widget elementor-widget-heading\" data-id=\"a31849e\" data-element_type=\"widget\" data-widget_type=\"heading.default\">\n\t\t\t\t<div class=\"elementor-widget-container\">\n\t\t\t\t\t<h2 class=\"elementor-heading-title elementor-size-default\">Fontaner\u00eda<\/h2>\t\t\t\t<\/div>\n\t\t\t\t<\/div>\n\t\t\t\t<div class=\"elementor-element elementor-element-b281cdc elementor-widget elementor-widget-image\" data-id=\"b281cdc\" data-element_type=\"widget\" data-widget_type=\"image.default\">\n\t\t\t\t<div class=\"elementor-widget-container\">\n\t\t\t\t\t\t\t\t\t\t\t\t\t\t\t<img decoding=\"async\" width=\"116\" height=\"116\" src=\"https:\/\/www.instalacionscapel.com\/wp-content\/uploads\/2020\/11\/icona_llauner_w.png\" class=\"attachment-large size-large wp-image-109\" alt=\"\" \/>\t\t\t\t\t\t\t\t\t\t\t\t\t\t\t<\/div>\n\t\t\t\t<\/div>\n\t\t\t\t<div class=\"elementor-element elementor-element-be473b5 elementor-widget elementor-widget-text-editor\" data-id=\"be473b5\" data-element_type=\"widget\" data-widget_type=\"text-editor.default\">\n\t\t\t\t<div class=\"elementor-widget-container\">\n\t\t\t\t\t\t\t\t\t<p>Realizamos instalaciones y reparaciones de agua. Suministro e instalaci\u00f3n de aparatos sanitarios y grifer\u00edas de las marcas m\u00e1s prestigiosas del mercado. Presupuestos detallados. Reformas integrales de ba\u00f1os y cocinas con alba\u00f1iler\u00eda incluida. Disponemos de personal con amplia experiencia.<\/p>\t\t\t\t\t\t\t\t<\/div>\n\t\t\t\t<\/div>\n\t\t\t\t\t<\/div>\n\t\t<\/div>\n\t\t\t\t\t<\/div>\n\t\t<\/section>\n\t\t\t\t<section class=\"elementor-section elementor-top-section elementor-element elementor-element-ad5fd16 elementor-section-boxed elementor-section-height-default elementor-section-height-default\" data-id=\"ad5fd16\" data-element_type=\"section\">\n\t\t\t\t\t\t<div class=\"elementor-container elementor-column-gap-default\">\n\t\t\t\t\t<div class=\"elementor-column elementor-col-100 elementor-top-column elementor-element elementor-element-569f650\" data-id=\"569f650\" data-element_type=\"column\">\n\t\t\t<div class=\"elementor-widget-wrap elementor-element-populated\">\n\t\t\t\t\t\t<div class=\"elementor-element elementor-element-fa32ea0 gallery-spacing-custom elementor-widget elementor-widget-image-gallery\" data-id=\"fa32ea0\" data-element_type=\"widget\" data-widget_type=\"image-gallery.default\">\n\t\t\t\t<div class=\"elementor-widget-container\">\n\t\t\t\t\t\t\t<div class=\"elementor-image-gallery\">\n\t\t\t<div id='gallery-1' class='gallery galleryid-76 gallery-columns-2 gallery-size-full'><figure class='gallery-item'>\n\t\t\t<div class='gallery-icon landscape'>\n\t\t\t\t<a data-elementor-open-lightbox=\"yes\" data-elementor-lightbox-slideshow=\"fa32ea0\" data-elementor-lightbox-title=\"fontaneria1\" data-e-action-hash=\"#elementor-action%3Aaction%3Dlightbox%26settings%3DeyJpZCI6MTkyLCJ1cmwiOiJodHRwczpcL1wvd3d3Lmluc3RhbGFjaW9uc2NhcGVsLmNvbVwvd3AtY29udGVudFwvdXBsb2Fkc1wvMjAyMFwvMTFcL2ZvbnRhbmVyaWExLmpwZyIsInNsaWRlc2hvdyI6ImZhMzJlYTAifQ%3D%3D\" href='https:\/\/www.instalacionscapel.com\/wp-content\/uploads\/2020\/11\/fontaneria1.jpg'><img fetchpriority=\"high\" decoding=\"async\" width=\"454\" height=\"340\" src=\"https:\/\/www.instalacionscapel.com\/wp-content\/uploads\/2020\/11\/fontaneria1.jpg\" class=\"attachment-full size-full\" alt=\"\" srcset=\"https:\/\/www.instalacionscapel.com\/wp-content\/uploads\/2020\/11\/fontaneria1.jpg 454w, https:\/\/www.instalacionscapel.com\/wp-content\/uploads\/2020\/11\/fontaneria1-300x225.jpg 300w\" sizes=\"(max-width: 454px) 100vw, 454px\" \/><\/a>\n\t\t\t<\/div><\/figure><figure class='gallery-item'>\n\t\t\t<div class='gallery-icon landscape'>\n\t\t\t\t<a data-elementor-open-lightbox=\"yes\" data-elementor-lightbox-slideshow=\"fa32ea0\" data-elementor-lightbox-title=\"fontaneria2\" data-e-action-hash=\"#elementor-action%3Aaction%3Dlightbox%26settings%3DeyJpZCI6MTkxLCJ1cmwiOiJodHRwczpcL1wvd3d3Lmluc3RhbGFjaW9uc2NhcGVsLmNvbVwvd3AtY29udGVudFwvdXBsb2Fkc1wvMjAyMFwvMTFcL2ZvbnRhbmVyaWEyLmpwZyIsInNsaWRlc2hvdyI6ImZhMzJlYTAifQ%3D%3D\" href='https:\/\/www.instalacionscapel.com\/wp-content\/uploads\/2020\/11\/fontaneria2.jpg'><img decoding=\"async\" width=\"454\" height=\"340\" src=\"https:\/\/www.instalacionscapel.com\/wp-content\/uploads\/2020\/11\/fontaneria2.jpg\" class=\"attachment-full size-full\" alt=\"\" srcset=\"https:\/\/www.instalacionscapel.com\/wp-content\/uploads\/2020\/11\/fontaneria2.jpg 454w, https:\/\/www.instalacionscapel.com\/wp-content\/uploads\/2020\/11\/fontaneria2-300x225.jpg 300w\" sizes=\"(max-width: 454px) 100vw, 454px\" \/><\/a>\n\t\t\t<\/div><\/figure>\n\t\t<\/div>\n\t\t<\/div>\n\t\t\t\t\t\t<\/div>\n\t\t\t\t<\/div>\n\t\t\t\t\t<\/div>\n\t\t<\/div>\n\t\t\t\t\t<\/div>\n\t\t<\/section>\n\t\t\t\t<section class=\"elementor-section elementor-top-section elementor-element elementor-element-0d621b0 elementor-section-boxed elementor-section-height-default elementor-section-height-default\" data-id=\"0d621b0\" data-element_type=\"section\">\n\t\t\t\t\t\t<div class=\"elementor-container elementor-column-gap-default\">\n\t\t\t\t\t<div class=\"elementor-column elementor-col-100 elementor-top-column elementor-element elementor-element-f1d5b91\" data-id=\"f1d5b91\" data-element_type=\"column\">\n\t\t\t<div class=\"elementor-widget-wrap elementor-element-populated\">\n\t\t\t\t\t\t<div class=\"elementor-element elementor-element-af774dd elementor-skin-carousel elementor-widget elementor-widget-media-carousel\" data-id=\"af774dd\" data-element_type=\"widget\" data-settings=\"{&quot;slides_per_view&quot;:&quot;9&quot;,&quot;slides_to_scroll&quot;:&quot;9&quot;,&quot;skin&quot;:&quot;carousel&quot;,&quot;effect&quot;:&quot;slide&quot;,&quot;speed&quot;:500,&quot;space_between&quot;:{&quot;unit&quot;:&quot;px&quot;,&quot;size&quot;:10,&quot;sizes&quot;:[]},&quot;space_between_tablet&quot;:{&quot;unit&quot;:&quot;px&quot;,&quot;size&quot;:10,&quot;sizes&quot;:[]},&quot;space_between_mobile&quot;:{&quot;unit&quot;:&quot;px&quot;,&quot;size&quot;:10,&quot;sizes&quot;:[]}}\" data-widget_type=\"media-carousel.default\">\n\t\t\t\t<div class=\"elementor-widget-container\">\n\t\t\t\t\t\t\t\t\t<div class=\"elementor-swiper\">\n\t\t\t\t\t<div class=\"elementor-main-swiper swiper\" role=\"region\" aria-roledescription=\"carousel\" aria-label=\"Diapositivas\">\n\t\t\t\t<div class=\"swiper-wrapper\">\n\t\t\t\t\t\t\t\t\t\t\t<div class=\"swiper-slide\" role=\"group\" aria-roledescription=\"slide\">\n\t\t\t\t\t\t\t<a href=\"\/servicios\/electricidad\/\">\t\t<div class=\"elementor-carousel-image\" role=\"img\" aria-label=\"icona_llum_w\" style=\"background-image: url(&#039;https:\/\/www.instalacionscapel.com\/wp-content\/uploads\/2020\/11\/icona_llum_w.png&#039;)\">\n\n\t\t\t\n\t\t\t\t\t<\/div>\n\t\t<\/a>\t\t\t\t\t\t<\/div>\n\t\t\t\t\t\t\t\t\t\t\t<div class=\"swiper-slide\" role=\"group\" aria-roledescription=\"slide\">\n\t\t\t\t\t\t\t<a href=\"\/servicios\/fontaneria\/\">\t\t<div class=\"elementor-carousel-image\" role=\"img\" aria-label=\"icona_llauner_w\" style=\"background-image: url(&#039;https:\/\/www.instalacionscapel.com\/wp-content\/uploads\/2020\/11\/icona_llauner_w.png&#039;)\">\n\n\t\t\t\n\t\t\t\t\t<\/div>\n\t\t<\/a>\t\t\t\t\t\t<\/div>\n\t\t\t\t\t\t\t\t\t\t\t<div class=\"swiper-slide\" role=\"group\" aria-roledescription=\"slide\">\n\t\t\t\t\t\t\t<a href=\"\/servicios\/gas\/\">\t\t<div class=\"elementor-carousel-image\" role=\"img\" aria-label=\"incona_calefaccio_w\" style=\"background-image: url(&#039;https:\/\/www.instalacionscapel.com\/wp-content\/uploads\/2020\/11\/incona_calefaccio_w.png&#039;)\">\n\n\t\t\t\n\t\t\t\t\t<\/div>\n\t\t<\/a>\t\t\t\t\t\t<\/div>\n\t\t\t\t\t\t\t\t\t\t\t<div class=\"swiper-slide\" role=\"group\" aria-roledescription=\"slide\">\n\t\t\t\t\t\t\t<a href=\"\/servicios\/calefaccion-y-climatizacion\/\">\t\t<div class=\"elementor-carousel-image\" role=\"img\" aria-label=\"icona_calefaccio_w\" style=\"background-image: url(&#039;https:\/\/www.instalacionscapel.com\/wp-content\/uploads\/2020\/11\/icona_calefaccio_w.png&#039;)\">\n\n\t\t\t\n\t\t\t\t\t<\/div>\n\t\t<\/a>\t\t\t\t\t\t<\/div>\n\t\t\t\t\t\t\t\t\t\t\t<div class=\"swiper-slide\" role=\"group\" aria-roledescription=\"slide\">\n\t\t\t\t\t\t\t<a href=\"\/servicios\/energia-solar\/\">\t\t<div class=\"elementor-carousel-image\" role=\"img\" aria-label=\"icona_solar_w\" style=\"background-image: url(&#039;https:\/\/www.instalacionscapel.com\/wp-content\/uploads\/2020\/11\/icona_solar_w.png&#039;)\">\n\n\t\t\t\n\t\t\t\t\t<\/div>\n\t\t<\/a>\t\t\t\t\t\t<\/div>\n\t\t\t\t\t\t\t\t\t\t\t<div class=\"swiper-slide\" role=\"group\" aria-roledescription=\"slide\">\n\t\t\t\t\t\t\t<a href=\"\/servicios\/telecomunicaciones\/\">\t\t<div class=\"elementor-carousel-image\" role=\"img\" aria-label=\"icona_comunicacions_w\" style=\"background-image: url(&#039;https:\/\/www.instalacionscapel.com\/wp-content\/uploads\/2020\/11\/icona_comunicacions_w.png&#039;)\">\n\n\t\t\t\n\t\t\t\t\t<\/div>\n\t\t<\/a>\t\t\t\t\t\t<\/div>\n\t\t\t\t\t\t\t\t\t<\/div>\n\t\t\t\t\t\t\t\t\t\t\t\t\t\t\t\t\t\t\t\t\t<\/div>\n\t\t\t\t<\/div>\n\t\t\t\t\t\t\t\t<\/div>\n\t\t\t\t<\/div>\n\t\t\t\t\t<\/div>\n\t\t<\/div>\n\t\t\t\t\t<\/div>\n\t\t<\/section>\n\t\t\t\t<\/div>\n\t\t","protected":false},"excerpt":{"rendered":"<p>Electricidad Dom\u00e9sticas Industriales ComercialesAguaInstalaciones Reparaciones Sanitarios Grifer\u00edas GasInstalaciones de gas (nivel A) Industriales Dom\u00e9sticas Calefacci\u00f3n y climatizaci\u00f3nCalderas Aire acondicionado Legalizaciones Certificaciones Fontaner\u00eda Realizamos instalaciones y reparaciones de agua. Suministro e instalaci\u00f3n de aparatos sanitarios y grifer\u00edas de las marcas m\u00e1s prestigiosas del mercado. Presupuestos detallados. Reformas integrales de ba\u00f1os y cocinas con alba\u00f1iler\u00eda incluida. Disponemos &#8230; <a title=\"Fontaner\u00eda\" class=\"read-more\" href=\"https:\/\/www.instalacionscapel.com\/es\/servicios\/fontaneria\/\" aria-label=\"Leer m\u00e1s sobre Fontaner\u00eda\">Leer m\u00e1s<\/a><\/p>\n","protected":false},"author":1,"featured_media":0,"parent":72,"menu_order":0,"comment_status":"closed","ping_status":"closed","template":"","meta":{"_monsterinsights_skip_tracking":false,"_monsterinsights_sitenote_active":false,"_monsterinsights_sitenote_note":"","_monsterinsights_sitenote_category":0,"footnotes":""},"class_list":["post-76","page","type-page","status-publish"],"yoast_head":"<!-- This site is optimized with the Yoast SEO plugin v26.7 - https:\/\/yoast.com\/wordpress\/plugins\/seo\/ -->\n<title>Fontaner\u00eda - Instal\u00b7lacions Capel<\/title>\n<meta name=\"description\" content=\"Realizamos instalaciones y reparaciones de agua en Empord\u00e0. Suministro e instalaci\u00f3n de aparatos sanitarios y grifer\u00edas.\" \/>\n<meta name=\"robots\" content=\"index, follow, max-snippet:-1, max-image-preview:large, max-video-preview:-1\" \/>\n<link rel=\"canonical\" href=\"https:\/\/www.instalacionscapel.com\/es\/servicios\/fontaneria\/\" \/>\n<meta property=\"og:locale\" content=\"es_ES\" \/>\n<meta property=\"og:type\" content=\"article\" \/>\n<meta property=\"og:title\" content=\"Fontaner\u00eda - Instal\u00b7lacions Capel\" \/>\n<meta property=\"og:description\" content=\"Realizamos instalaciones y reparaciones de agua en Empord\u00e0. Suministro e instalaci\u00f3n de aparatos sanitarios y grifer\u00edas.\" \/>\n<meta property=\"og:url\" content=\"https:\/\/www.instalacionscapel.com\/es\/servicios\/fontaneria\/\" \/>\n<meta property=\"og:site_name\" content=\"Instal\u00b7lacions Capel\" \/>\n<meta property=\"article:modified_time\" content=\"2026-01-12T11:23:57+00:00\" \/>\n<meta property=\"og:image\" content=\"https:\/\/www.instalacionscapel.com\/wp-content\/uploads\/2020\/11\/icona_llauner_w.png\" \/>\n\t<meta property=\"og:image:width\" content=\"116\" \/>\n\t<meta property=\"og:image:height\" content=\"116\" \/>\n\t<meta property=\"og:image:type\" content=\"image\/png\" \/>\n<meta name=\"twitter:card\" content=\"summary_large_image\" \/>\n<meta name=\"twitter:label1\" content=\"Tiempo de lectura\" \/>\n\t<meta name=\"twitter:data1\" content=\"2 minutos\" \/>\n<script type=\"application\/ld+json\" class=\"yoast-schema-graph\">{\"@context\":\"https:\/\/schema.org\",\"@graph\":[{\"@type\":\"WebPage\",\"@id\":\"https:\/\/www.instalacionscapel.com\/es\/servicios\/fontaneria\/\",\"url\":\"https:\/\/www.instalacionscapel.com\/es\/servicios\/fontaneria\/\",\"name\":\"Fontaner\u00eda - Instal\u00b7lacions Capel\",\"isPartOf\":{\"@id\":\"https:\/\/www.instalacionscapel.com\/es\/#website\"},\"primaryImageOfPage\":{\"@id\":\"https:\/\/www.instalacionscapel.com\/es\/servicios\/fontaneria\/#primaryimage\"},\"image\":{\"@id\":\"https:\/\/www.instalacionscapel.com\/es\/servicios\/fontaneria\/#primaryimage\"},\"thumbnailUrl\":\"https:\/\/www.instalacionscapel.com\/wp-content\/uploads\/2020\/11\/icona_llauner_w.png\",\"datePublished\":\"2020-11-16T13:32:20+00:00\",\"dateModified\":\"2026-01-12T11:23:57+00:00\",\"description\":\"Realizamos instalaciones y reparaciones de agua en Empord\u00e0. Suministro e instalaci\u00f3n de aparatos sanitarios y grifer\u00edas.\",\"breadcrumb\":{\"@id\":\"https:\/\/www.instalacionscapel.com\/es\/servicios\/fontaneria\/#breadcrumb\"},\"inLanguage\":\"es\",\"potentialAction\":[{\"@type\":\"ReadAction\",\"target\":[\"https:\/\/www.instalacionscapel.com\/es\/servicios\/fontaneria\/\"]}]},{\"@type\":\"ImageObject\",\"inLanguage\":\"es\",\"@id\":\"https:\/\/www.instalacionscapel.com\/es\/servicios\/fontaneria\/#primaryimage\",\"url\":\"https:\/\/www.instalacionscapel.com\/wp-content\/uploads\/2020\/11\/icona_llauner_w.png\",\"contentUrl\":\"https:\/\/www.instalacionscapel.com\/wp-content\/uploads\/2020\/11\/icona_llauner_w.png\"},{\"@type\":\"BreadcrumbList\",\"@id\":\"https:\/\/www.instalacionscapel.com\/es\/servicios\/fontaneria\/#breadcrumb\",\"itemListElement\":[{\"@type\":\"ListItem\",\"position\":1,\"name\":\"Portada\",\"item\":\"https:\/\/www.instalacionscapel.com\/es\/\"},{\"@type\":\"ListItem\",\"position\":2,\"name\":\"Servicios\",\"item\":\"https:\/\/www.instalacionscapel.com\/es\/servicios\/\"},{\"@type\":\"ListItem\",\"position\":3,\"name\":\"Fontaner\u00eda\"}]},{\"@type\":\"WebSite\",\"@id\":\"https:\/\/www.instalacionscapel.com\/es\/#website\",\"url\":\"https:\/\/www.instalacionscapel.com\/es\/\",\"name\":\"Instal\u00b7lacions Capel\",\"description\":\"Otro sitio realizado con WordPress\",\"publisher\":{\"@id\":\"https:\/\/www.instalacionscapel.com\/es\/#organization\"},\"potentialAction\":[{\"@type\":\"SearchAction\",\"target\":{\"@type\":\"EntryPoint\",\"urlTemplate\":\"https:\/\/www.instalacionscapel.com\/es\/?s={search_term_string}\"},\"query-input\":{\"@type\":\"PropertyValueSpecification\",\"valueRequired\":true,\"valueName\":\"search_term_string\"}}],\"inLanguage\":\"es\"},{\"@type\":\"Organization\",\"@id\":\"https:\/\/www.instalacionscapel.com\/es\/#organization\",\"name\":\"Instal\u00b7lacions Capel\",\"url\":\"https:\/\/www.instalacionscapel.com\/es\/\",\"logo\":{\"@type\":\"ImageObject\",\"inLanguage\":\"es\",\"@id\":\"https:\/\/www.instalacionscapel.com\/es\/#\/schema\/logo\/image\/\",\"url\":\"https:\/\/www.instalacionscapel.com\/wp-content\/uploads\/2020\/11\/logo_capel_web.jpg\",\"contentUrl\":\"https:\/\/www.instalacionscapel.com\/wp-content\/uploads\/2020\/11\/logo_capel_web.jpg\",\"width\":456,\"height\":117,\"caption\":\"Instal\u00b7lacions Capel\"},\"image\":{\"@id\":\"https:\/\/www.instalacionscapel.com\/es\/#\/schema\/logo\/image\/\"}}]}<\/script>\n<!-- \/ Yoast SEO plugin. -->","yoast_head_json":{"title":"Fontaner\u00eda - Instal\u00b7lacions Capel","description":"Realizamos instalaciones y reparaciones de agua en Empord\u00e0. Suministro e instalaci\u00f3n de aparatos sanitarios y grifer\u00edas.","robots":{"index":"index","follow":"follow","max-snippet":"max-snippet:-1","max-image-preview":"max-image-preview:large","max-video-preview":"max-video-preview:-1"},"canonical":"https:\/\/www.instalacionscapel.com\/es\/servicios\/fontaneria\/","og_locale":"es_ES","og_type":"article","og_title":"Fontaner\u00eda - Instal\u00b7lacions Capel","og_description":"Realizamos instalaciones y reparaciones de agua en Empord\u00e0. Suministro e instalaci\u00f3n de aparatos sanitarios y grifer\u00edas.","og_url":"https:\/\/www.instalacionscapel.com\/es\/servicios\/fontaneria\/","og_site_name":"Instal\u00b7lacions Capel","article_modified_time":"2026-01-12T11:23:57+00:00","og_image":[{"width":116,"height":116,"url":"https:\/\/www.instalacionscapel.com\/wp-content\/uploads\/2020\/11\/icona_llauner_w.png","type":"image\/png"}],"twitter_card":"summary_large_image","twitter_misc":{"Tiempo de lectura":"2 minutos"},"schema":{"@context":"https:\/\/schema.org","@graph":[{"@type":"WebPage","@id":"https:\/\/www.instalacionscapel.com\/es\/servicios\/fontaneria\/","url":"https:\/\/www.instalacionscapel.com\/es\/servicios\/fontaneria\/","name":"Fontaner\u00eda - Instal\u00b7lacions Capel","isPartOf":{"@id":"https:\/\/www.instalacionscapel.com\/es\/#website"},"primaryImageOfPage":{"@id":"https:\/\/www.instalacionscapel.com\/es\/servicios\/fontaneria\/#primaryimage"},"image":{"@id":"https:\/\/www.instalacionscapel.com\/es\/servicios\/fontaneria\/#primaryimage"},"thumbnailUrl":"https:\/\/www.instalacionscapel.com\/wp-content\/uploads\/2020\/11\/icona_llauner_w.png","datePublished":"2020-11-16T13:32:20+00:00","dateModified":"2026-01-12T11:23:57+00:00","description":"Realizamos instalaciones y reparaciones de agua en Empord\u00e0. Suministro e instalaci\u00f3n de aparatos sanitarios y grifer\u00edas.","breadcrumb":{"@id":"https:\/\/www.instalacionscapel.com\/es\/servicios\/fontaneria\/#breadcrumb"},"inLanguage":"es","potentialAction":[{"@type":"ReadAction","target":["https:\/\/www.instalacionscapel.com\/es\/servicios\/fontaneria\/"]}]},{"@type":"ImageObject","inLanguage":"es","@id":"https:\/\/www.instalacionscapel.com\/es\/servicios\/fontaneria\/#primaryimage","url":"https:\/\/www.instalacionscapel.com\/wp-content\/uploads\/2020\/11\/icona_llauner_w.png","contentUrl":"https:\/\/www.instalacionscapel.com\/wp-content\/uploads\/2020\/11\/icona_llauner_w.png"},{"@type":"BreadcrumbList","@id":"https:\/\/www.instalacionscapel.com\/es\/servicios\/fontaneria\/#breadcrumb","itemListElement":[{"@type":"ListItem","position":1,"name":"Portada","item":"https:\/\/www.instalacionscapel.com\/es\/"},{"@type":"ListItem","position":2,"name":"Servicios","item":"https:\/\/www.instalacionscapel.com\/es\/servicios\/"},{"@type":"ListItem","position":3,"name":"Fontaner\u00eda"}]},{"@type":"WebSite","@id":"https:\/\/www.instalacionscapel.com\/es\/#website","url":"https:\/\/www.instalacionscapel.com\/es\/","name":"Instal\u00b7lacions Capel","description":"Otro sitio realizado con WordPress","publisher":{"@id":"https:\/\/www.instalacionscapel.com\/es\/#organization"},"potentialAction":[{"@type":"SearchAction","target":{"@type":"EntryPoint","urlTemplate":"https:\/\/www.instalacionscapel.com\/es\/?s={search_term_string}"},"query-input":{"@type":"PropertyValueSpecification","valueRequired":true,"valueName":"search_term_string"}}],"inLanguage":"es"},{"@type":"Organization","@id":"https:\/\/www.instalacionscapel.com\/es\/#organization","name":"Instal\u00b7lacions Capel","url":"https:\/\/www.instalacionscapel.com\/es\/","logo":{"@type":"ImageObject","inLanguage":"es","@id":"https:\/\/www.instalacionscapel.com\/es\/#\/schema\/logo\/image\/","url":"https:\/\/www.instalacionscapel.com\/wp-content\/uploads\/2020\/11\/logo_capel_web.jpg","contentUrl":"https:\/\/www.instalacionscapel.com\/wp-content\/uploads\/2020\/11\/logo_capel_web.jpg","width":456,"height":117,"caption":"Instal\u00b7lacions Capel"},"image":{"@id":"https:\/\/www.instalacionscapel.com\/es\/#\/schema\/logo\/image\/"}}]}},"_links":{"self":[{"href":"https:\/\/www.instalacionscapel.com\/es\/wp-json\/wp\/v2\/pages\/76","targetHints":{"allow":["GET"]}}],"collection":[{"href":"https:\/\/www.instalacionscapel.com\/es\/wp-json\/wp\/v2\/pages"}],"about":[{"href":"https:\/\/www.instalacionscapel.com\/es\/wp-json\/wp\/v2\/types\/page"}],"author":[{"embeddable":true,"href":"https:\/\/www.instalacionscapel.com\/es\/wp-json\/wp\/v2\/users\/1"}],"replies":[{"embeddable":true,"href":"https:\/\/www.instalacionscapel.com\/es\/wp-json\/wp\/v2\/comments?post=76"}],"version-history":[{"count":8,"href":"https:\/\/www.instalacionscapel.com\/es\/wp-json\/wp\/v2\/pages\/76\/revisions"}],"predecessor-version":[{"id":993,"href":"https:\/\/www.instalacionscapel.com\/es\/wp-json\/wp\/v2\/pages\/76\/revisions\/993"}],"up":[{"embeddable":true,"href":"https:\/\/www.instalacionscapel.com\/es\/wp-json\/wp\/v2\/pages\/72"}],"wp:attachment":[{"href":"https:\/\/www.instalacionscapel.com\/es\/wp-json\/wp\/v2\/media?parent=76"}],"curies":[{"name":"wp","href":"https:\/\/api.w.org\/{rel}","templated":true}]}}